{"id":35,"date":"2026-04-13T12:04:38","date_gmt":"2026-04-13T10:04:38","guid":{"rendered":"https:\/\/wordpress-mywind360.qa-bit.dev\/mx\/?page_id=35"},"modified":"2026-04-14T10:21:35","modified_gmt":"2026-04-14T08:21:35","slug":"glosario","status":"publish","type":"page","link":"https:\/\/wordpress-mywind360.qa-bit.dev\/mx\/glosario\/","title":{"rendered":"Glosario"},"content":{"rendered":"","protected":false},"excerpt":{"rendered":"","protected":false},"author":5,"featured_media":0,"parent":0,"menu_order":0,"comment_status":"closed","ping_status":"closed","template":"archive-glossary.php","meta":{"_acf_changed":false,"inline_featured_image":false,"footnotes":""},"class_list":["post-35","page","type-page","status-publish","hentry"],"acf":[],"yoast_head":"<!-- This site is optimized with the Yoast SEO plugin v27.3 - https:\/\/yoast.com\/product\/yoast-seo-wordpress\/ -->\n<title>Glosario de apuestas deportivas. \u00a1Aprende a apostar!<\/title>\n<meta name=\"description\" content=\"Aprende los t\u00e9rminos de apuestas deportivas: cuotas, bonos, casas de apuestas y conceptos b\u00e1sicos para entender c\u00f3mo apostar.\" \/>\n<meta name=\"robots\" content=\"index, follow, max-snippet:-1, max-image-preview:large, max-video-preview:-1\" \/>\n<link rel=\"canonical\" href=\"https:\/\/wordpress-mywind360.qa-bit.dev\/mx\/glosario\/\" \/>\n<meta property=\"og:locale\" content=\"es_MX\" \/>\n<meta property=\"og:type\" content=\"article\" \/>\n<meta property=\"og:title\" content=\"Glosario de apuestas deportivas. \u00a1Aprende a apostar!\" \/>\n<meta property=\"og:description\" content=\"Aprende los t\u00e9rminos de apuestas deportivas: cuotas, bonos, casas de apuestas y conceptos b\u00e1sicos para entender c\u00f3mo apostar.\" \/>\n<meta property=\"og:url\" content=\"https:\/\/wordpress-mywind360.qa-bit.dev\/mx\/glosario\/\" \/>\n<meta property=\"og:site_name\" content=\"MYWIN360 Mexico\" \/>\n<meta property=\"article:modified_time\" content=\"2026-04-14T08:21:35+00:00\" \/>\n<meta name=\"twitter:card\" content=\"summary_large_image\" \/>\n<script type=\"application\/ld+json\" class=\"yoast-schema-graph\">{\"@context\":\"https:\\\/\\\/schema.org\",\"@graph\":[{\"@type\":\"WebPage\",\"@id\":\"https:\\\/\\\/wordpress-mywind360.qa-bit.dev\\\/mx\\\/glosario\\\/\",\"url\":\"https:\\\/\\\/wordpress-mywind360.qa-bit.dev\\\/mx\\\/glosario\\\/\",\"name\":\"Glosario de apuestas deportivas. \u00a1Aprende a apostar!\",\"isPartOf\":{\"@id\":\"https:\\\/\\\/wordpress-mywind360.qa-bit.dev\\\/mx\\\/#website\"},\"datePublished\":\"2026-04-13T10:04:38+00:00\",\"dateModified\":\"2026-04-14T08:21:35+00:00\",\"description\":\"Aprende los t\u00e9rminos de apuestas deportivas: cuotas, bonos, casas de apuestas y conceptos b\u00e1sicos para entender c\u00f3mo apostar.\",\"breadcrumb\":{\"@id\":\"https:\\\/\\\/wordpress-mywind360.qa-bit.dev\\\/mx\\\/glosario\\\/#breadcrumb\"},\"inLanguage\":\"es\",\"potentialAction\":[{\"@type\":\"ReadAction\",\"target\":[\"https:\\\/\\\/wordpress-mywind360.qa-bit.dev\\\/mx\\\/glosario\\\/\"]}]},{\"@type\":\"BreadcrumbList\",\"@id\":\"https:\\\/\\\/wordpress-mywind360.qa-bit.dev\\\/mx\\\/glosario\\\/#breadcrumb\",\"itemListElement\":[{\"@type\":\"ListItem\",\"position\":1,\"name\":\"Portada\",\"item\":\"https:\\\/\\\/wordpress-mywind360.qa-bit.dev\\\/mx\\\/\"},{\"@type\":\"ListItem\",\"position\":2,\"name\":\"Glosario\"}]},{\"@type\":\"WebSite\",\"@id\":\"https:\\\/\\\/wordpress-mywind360.qa-bit.dev\\\/mx\\\/#website\",\"url\":\"https:\\\/\\\/wordpress-mywind360.qa-bit.dev\\\/mx\\\/\",\"name\":\"MYWIN360 Mexico\",\"description\":\"\",\"potentialAction\":[{\"@type\":\"SearchAction\",\"target\":{\"@type\":\"EntryPoint\",\"urlTemplate\":\"https:\\\/\\\/wordpress-mywind360.qa-bit.dev\\\/mx\\\/?s={search_term_string}\"},\"query-input\":{\"@type\":\"PropertyValueSpecification\",\"valueRequired\":true,\"valueName\":\"search_term_string\"}}],\"inLanguage\":\"es\"}]}<\/script>\n<!-- \/ Yoast SEO plugin. -->","yoast_head_json":{"title":"Glosario de apuestas deportivas. \u00a1Aprende a apostar!","description":"Aprende los t\u00e9rminos de apuestas deportivas: cuotas, bonos, casas de apuestas y conceptos b\u00e1sicos para entender c\u00f3mo apostar.","robots":{"index":"index","follow":"follow","max-snippet":"max-snippet:-1","max-image-preview":"max-image-preview:large","max-video-preview":"max-video-preview:-1"},"canonical":"https:\/\/wordpress-mywind360.qa-bit.dev\/mx\/glosario\/","og_locale":"es_MX","og_type":"article","og_title":"Glosario de apuestas deportivas. \u00a1Aprende a apostar!","og_description":"Aprende los t\u00e9rminos de apuestas deportivas: cuotas, bonos, casas de apuestas y conceptos b\u00e1sicos para entender c\u00f3mo apostar.","og_url":"https:\/\/wordpress-mywind360.qa-bit.dev\/mx\/glosario\/","og_site_name":"MYWIN360 Mexico","article_modified_time":"2026-04-14T08:21:35+00:00","twitter_card":"summary_large_image","schema":{"@context":"https:\/\/schema.org","@graph":[{"@type":"WebPage","@id":"https:\/\/wordpress-mywind360.qa-bit.dev\/mx\/glosario\/","url":"https:\/\/wordpress-mywind360.qa-bit.dev\/mx\/glosario\/","name":"Glosario de apuestas deportivas. \u00a1Aprende a apostar!","isPartOf":{"@id":"https:\/\/wordpress-mywind360.qa-bit.dev\/mx\/#website"},"datePublished":"2026-04-13T10:04:38+00:00","dateModified":"2026-04-14T08:21:35+00:00","description":"Aprende los t\u00e9rminos de apuestas deportivas: cuotas, bonos, casas de apuestas y conceptos b\u00e1sicos para entender c\u00f3mo apostar.","breadcrumb":{"@id":"https:\/\/wordpress-mywind360.qa-bit.dev\/mx\/glosario\/#breadcrumb"},"inLanguage":"es","potentialAction":[{"@type":"ReadAction","target":["https:\/\/wordpress-mywind360.qa-bit.dev\/mx\/glosario\/"]}]},{"@type":"BreadcrumbList","@id":"https:\/\/wordpress-mywind360.qa-bit.dev\/mx\/glosario\/#breadcrumb","itemListElement":[{"@type":"ListItem","position":1,"name":"Portada","item":"https:\/\/wordpress-mywind360.qa-bit.dev\/mx\/"},{"@type":"ListItem","position":2,"name":"Glosario"}]},{"@type":"WebSite","@id":"https:\/\/wordpress-mywind360.qa-bit.dev\/mx\/#website","url":"https:\/\/wordpress-mywind360.qa-bit.dev\/mx\/","name":"MYWIN360 Mexico","description":"","potentialAction":[{"@type":"SearchAction","target":{"@type":"EntryPoint","urlTemplate":"https:\/\/wordpress-mywind360.qa-bit.dev\/mx\/?s={search_term_string}"},"query-input":{"@type":"PropertyValueSpecification","valueRequired":true,"valueName":"search_term_string"}}],"inLanguage":"es"}]}},"_links":{"self":[{"href":"https:\/\/wordpress-mywind360.qa-bit.dev\/mx\/wp-json\/wp\/v2\/pages\/35","targetHints":{"allow":["GET"]}}],"collection":[{"href":"https:\/\/wordpress-mywind360.qa-bit.dev\/mx\/wp-json\/wp\/v2\/pages"}],"about":[{"href":"https:\/\/wordpress-mywind360.qa-bit.dev\/mx\/wp-json\/wp\/v2\/types\/page"}],"author":[{"embeddable":true,"href":"https:\/\/wordpress-mywind360.qa-bit.dev\/mx\/wp-json\/wp\/v2\/users\/5"}],"replies":[{"embeddable":true,"href":"https:\/\/wordpress-mywind360.qa-bit.dev\/mx\/wp-json\/wp\/v2\/comments?post=35"}],"version-history":[{"count":1,"href":"https:\/\/wordpress-mywind360.qa-bit.dev\/mx\/wp-json\/wp\/v2\/pages\/35\/revisions"}],"predecessor-version":[{"id":36,"href":"https:\/\/wordpress-mywind360.qa-bit.dev\/mx\/wp-json\/wp\/v2\/pages\/35\/revisions\/36"}],"wp:attachment":[{"href":"https:\/\/wordpress-mywind360.qa-bit.dev\/mx\/wp-json\/wp\/v2\/media?parent=35"}],"curies":[{"name":"wp","href":"https:\/\/api.w.org\/{rel}","templated":true}]}}