{"id":29,"date":"2026-04-13T12:04:06","date_gmt":"2026-04-13T10:04:06","guid":{"rendered":"https:\/\/wordpress-mywind360.qa-bit.dev\/mx\/?page_id=29"},"modified":"2026-04-14T10:16:15","modified_gmt":"2026-04-14T08:16:15","slug":"bonos","status":"publish","type":"page","link":"https:\/\/wordpress-mywind360.qa-bit.dev\/mx\/bonos\/","title":{"rendered":"Bonos"},"content":{"rendered":"","protected":false},"excerpt":{"rendered":"","protected":false},"author":5,"featured_media":0,"parent":0,"menu_order":0,"comment_status":"closed","ping_status":"closed","template":"archive-bonus.php","meta":{"_acf_changed":false,"inline_featured_image":false,"footnotes":""},"class_list":["post-29","page","type-page","status-publish","hentry"],"acf":[],"yoast_head":"<!-- This site is optimized with the Yoast SEO plugin v27.3 - https:\/\/yoast.com\/product\/yoast-seo-wordpress\/ -->\n<title>Mejores bonos de apuestas en M\u00e9xico (2026).<\/title>\n<meta name=\"description\" content=\"Los mejores bonos de apuestas en M\u00e9xico: promociones, apuestas gratis y bonos sin dep\u00f3sito. \u00a1Aprovecha las mejores ofertas!\" \/>\n<meta name=\"robots\" content=\"index, follow, max-snippet:-1, max-image-preview:large, max-video-preview:-1\" \/>\n<link rel=\"canonical\" href=\"https:\/\/wordpress-mywind360.qa-bit.dev\/mx\/bonos\/\" \/>\n<meta property=\"og:locale\" content=\"es_MX\" \/>\n<meta property=\"og:type\" content=\"article\" \/>\n<meta property=\"og:title\" content=\"Mejores bonos de apuestas en M\u00e9xico (2026).\" \/>\n<meta property=\"og:description\" content=\"Los mejores bonos de apuestas en M\u00e9xico: promociones, apuestas gratis y bonos sin dep\u00f3sito. \u00a1Aprovecha las mejores ofertas!\" \/>\n<meta property=\"og:url\" content=\"https:\/\/wordpress-mywind360.qa-bit.dev\/mx\/bonos\/\" \/>\n<meta property=\"og:site_name\" content=\"MYWIN360 Mexico\" \/>\n<meta property=\"article:modified_time\" content=\"2026-04-14T08:16:15+00:00\" \/>\n<meta name=\"twitter:card\" content=\"summary_large_image\" \/>\n<script type=\"application\/ld+json\" class=\"yoast-schema-graph\">{\"@context\":\"https:\\\/\\\/schema.org\",\"@graph\":[{\"@type\":\"WebPage\",\"@id\":\"https:\\\/\\\/wordpress-mywind360.qa-bit.dev\\\/mx\\\/bonos\\\/\",\"url\":\"https:\\\/\\\/wordpress-mywind360.qa-bit.dev\\\/mx\\\/bonos\\\/\",\"name\":\"Mejores bonos de apuestas en M\u00e9xico (2026).\",\"isPartOf\":{\"@id\":\"https:\\\/\\\/wordpress-mywind360.qa-bit.dev\\\/mx\\\/#website\"},\"datePublished\":\"2026-04-13T10:04:06+00:00\",\"dateModified\":\"2026-04-14T08:16:15+00:00\",\"description\":\"Los mejores bonos de apuestas en M\u00e9xico: promociones, apuestas gratis y bonos sin dep\u00f3sito. \u00a1Aprovecha las mejores ofertas!\",\"breadcrumb\":{\"@id\":\"https:\\\/\\\/wordpress-mywind360.qa-bit.dev\\\/mx\\\/bonos\\\/#breadcrumb\"},\"inLanguage\":\"es\",\"potentialAction\":[{\"@type\":\"ReadAction\",\"target\":[\"https:\\\/\\\/wordpress-mywind360.qa-bit.dev\\\/mx\\\/bonos\\\/\"]}]},{\"@type\":\"BreadcrumbList\",\"@id\":\"https:\\\/\\\/wordpress-mywind360.qa-bit.dev\\\/mx\\\/bonos\\\/#breadcrumb\",\"itemListElement\":[{\"@type\":\"ListItem\",\"position\":1,\"name\":\"Portada\",\"item\":\"https:\\\/\\\/wordpress-mywind360.qa-bit.dev\\\/mx\\\/\"},{\"@type\":\"ListItem\",\"position\":2,\"name\":\"Bonos\"}]},{\"@type\":\"WebSite\",\"@id\":\"https:\\\/\\\/wordpress-mywind360.qa-bit.dev\\\/mx\\\/#website\",\"url\":\"https:\\\/\\\/wordpress-mywind360.qa-bit.dev\\\/mx\\\/\",\"name\":\"MYWIN360 Mexico\",\"description\":\"\",\"potentialAction\":[{\"@type\":\"SearchAction\",\"target\":{\"@type\":\"EntryPoint\",\"urlTemplate\":\"https:\\\/\\\/wordpress-mywind360.qa-bit.dev\\\/mx\\\/?s={search_term_string}\"},\"query-input\":{\"@type\":\"PropertyValueSpecification\",\"valueRequired\":true,\"valueName\":\"search_term_string\"}}],\"inLanguage\":\"es\"}]}<\/script>\n<!-- \/ Yoast SEO plugin. -->","yoast_head_json":{"title":"Mejores bonos de apuestas en M\u00e9xico (2026).","description":"Los mejores bonos de apuestas en M\u00e9xico: promociones, apuestas gratis y bonos sin dep\u00f3sito. \u00a1Aprovecha las mejores ofertas!","robots":{"index":"index","follow":"follow","max-snippet":"max-snippet:-1","max-image-preview":"max-image-preview:large","max-video-preview":"max-video-preview:-1"},"canonical":"https:\/\/wordpress-mywind360.qa-bit.dev\/mx\/bonos\/","og_locale":"es_MX","og_type":"article","og_title":"Mejores bonos de apuestas en M\u00e9xico (2026).","og_description":"Los mejores bonos de apuestas en M\u00e9xico: promociones, apuestas gratis y bonos sin dep\u00f3sito. \u00a1Aprovecha las mejores ofertas!","og_url":"https:\/\/wordpress-mywind360.qa-bit.dev\/mx\/bonos\/","og_site_name":"MYWIN360 Mexico","article_modified_time":"2026-04-14T08:16:15+00:00","twitter_card":"summary_large_image","schema":{"@context":"https:\/\/schema.org","@graph":[{"@type":"WebPage","@id":"https:\/\/wordpress-mywind360.qa-bit.dev\/mx\/bonos\/","url":"https:\/\/wordpress-mywind360.qa-bit.dev\/mx\/bonos\/","name":"Mejores bonos de apuestas en M\u00e9xico (2026).","isPartOf":{"@id":"https:\/\/wordpress-mywind360.qa-bit.dev\/mx\/#website"},"datePublished":"2026-04-13T10:04:06+00:00","dateModified":"2026-04-14T08:16:15+00:00","description":"Los mejores bonos de apuestas en M\u00e9xico: promociones, apuestas gratis y bonos sin dep\u00f3sito. \u00a1Aprovecha las mejores ofertas!","breadcrumb":{"@id":"https:\/\/wordpress-mywind360.qa-bit.dev\/mx\/bonos\/#breadcrumb"},"inLanguage":"es","potentialAction":[{"@type":"ReadAction","target":["https:\/\/wordpress-mywind360.qa-bit.dev\/mx\/bonos\/"]}]},{"@type":"BreadcrumbList","@id":"https:\/\/wordpress-mywind360.qa-bit.dev\/mx\/bonos\/#breadcrumb","itemListElement":[{"@type":"ListItem","position":1,"name":"Portada","item":"https:\/\/wordpress-mywind360.qa-bit.dev\/mx\/"},{"@type":"ListItem","position":2,"name":"Bonos"}]},{"@type":"WebSite","@id":"https:\/\/wordpress-mywind360.qa-bit.dev\/mx\/#website","url":"https:\/\/wordpress-mywind360.qa-bit.dev\/mx\/","name":"MYWIN360 Mexico","description":"","potentialAction":[{"@type":"SearchAction","target":{"@type":"EntryPoint","urlTemplate":"https:\/\/wordpress-mywind360.qa-bit.dev\/mx\/?s={search_term_string}"},"query-input":{"@type":"PropertyValueSpecification","valueRequired":true,"valueName":"search_term_string"}}],"inLanguage":"es"}]}},"_links":{"self":[{"href":"https:\/\/wordpress-mywind360.qa-bit.dev\/mx\/wp-json\/wp\/v2\/pages\/29","targetHints":{"allow":["GET"]}}],"collection":[{"href":"https:\/\/wordpress-mywind360.qa-bit.dev\/mx\/wp-json\/wp\/v2\/pages"}],"about":[{"href":"https:\/\/wordpress-mywind360.qa-bit.dev\/mx\/wp-json\/wp\/v2\/types\/page"}],"author":[{"embeddable":true,"href":"https:\/\/wordpress-mywind360.qa-bit.dev\/mx\/wp-json\/wp\/v2\/users\/5"}],"replies":[{"embeddable":true,"href":"https:\/\/wordpress-mywind360.qa-bit.dev\/mx\/wp-json\/wp\/v2\/comments?post=29"}],"version-history":[{"count":9,"href":"https:\/\/wordpress-mywind360.qa-bit.dev\/mx\/wp-json\/wp\/v2\/pages\/29\/revisions"}],"predecessor-version":[{"id":71,"href":"https:\/\/wordpress-mywind360.qa-bit.dev\/mx\/wp-json\/wp\/v2\/pages\/29\/revisions\/71"}],"wp:attachment":[{"href":"https:\/\/wordpress-mywind360.qa-bit.dev\/mx\/wp-json\/wp\/v2\/media?parent=29"}],"curies":[{"name":"wp","href":"https:\/\/api.w.org\/{rel}","templated":true}]}}