{"id":320,"date":"2026-04-16T11:40:57","date_gmt":"2026-04-16T09:40:57","guid":{"rendered":"https:\/\/wordpress-mywind360.qa-bit.dev\/es\/?page_id=320"},"modified":"2026-04-16T11:40:57","modified_gmt":"2026-04-16T09:40:57","slug":"quienes-somos","status":"publish","type":"page","link":"https:\/\/wordpress-mywind360.qa-bit.dev\/es\/quienes-somos\/","title":{"rendered":"Qui\u00e9nes somos"},"content":{"rendered":"<div class=\"wordp-before-content wordp-entity-placement\" id=\"wordp-4002744419\"><div id=\"wordp-2437967843\" style=\"margin-left: auto;margin-right: auto;text-align: center;\"><a href=\"https:\/\/www.bet365.es\/#\/HO\/\" aria-label=\"image 28 (1)\"><img loading=\"lazy\" decoding=\"async\" src=\"https:\/\/wordpress-mywind360.qa-bit.dev\/es\/wp-content\/uploads\/sites\/2\/2026\/04\/image-28-1.png\" alt=\"\"  srcset=\"https:\/\/wordpress-mywind360.qa-bit.dev\/es\/wp-content\/uploads\/sites\/2\/2026\/04\/image-28-1.png 315w, https:\/\/wordpress-mywind360.qa-bit.dev\/es\/wp-content\/uploads\/sites\/2\/2026\/04\/image-28-1-150x300.png 150w\" sizes=\"(max-width: 315px) 100vw, 315px\" width=\"315\" height=\"630\"  style=\"display: inline-block;\" \/><\/a><\/div><\/div><p class=\"font-claude-response-body break-words whitespace-normal leading-[1.7]\">MYWIN360 es una plataforma digital de contenidos y comparativa de apuestas deportivas. Analizamos partidos, comparamos cuotas, revisamos bonos y evaluamos casas de apuestas para que tengas toda la informaci\u00f3n en un solo sitio antes de decidir d\u00f3nde y c\u00f3mo apostar.<\/p>\n<p class=\"font-claude-response-body break-words whitespace-normal leading-[1.7]\">Somos una empresa tecnol\u00f3gica con una vertical especializada en apuestas deportivas. Detr\u00e1s de MYWIN360 hay un equipo con m\u00e1s de 15 a\u00f1os de experiencia en el sector, combinando perfiles t\u00e9cnicos y de an\u00e1lisis deportivo. Sabemos de lo que hablamos porque llevamos a\u00f1os en esto.<\/p>\n<p class=\"font-claude-response-body break-words whitespace-normal leading-[1.7]\"><strong>C\u00f3mo nos financiamos<\/strong><\/p>\n<p class=\"font-claude-response-body break-words whitespace-normal leading-[1.7]\">MYWIN360 es un sitio gratuito para el usuario. Nos financiamos mediante acuerdos de afiliaci\u00f3n con operadores de apuestas: cuando un usuario accede a un operador a trav\u00e9s de nuestros enlaces y realiza un registro o dep\u00f3sito, podemos recibir una comisi\u00f3n. Esto no tiene ning\u00fan coste adicional para ti.<\/p>\n<p class=\"font-claude-response-body break-words whitespace-normal leading-[1.7]\">Nuestros acuerdos comerciales no condicionan los an\u00e1lisis ni las valoraciones que publicamos. Los rankings, comparativas y rese\u00f1as responden a criterios editoriales propios, no a relaciones econ\u00f3micas con los operadores.<\/p>\n","protected":false},"excerpt":{"rendered":"<p>MYWIN360 es una plataforma digital de contenidos y comparativa de apuestas deportivas. Analizamos partidos, comparamos cuotas, revisamos bonos y evaluamos casas de apuestas para que tengas toda la informaci\u00f3n en un solo sitio antes de decidir d\u00f3nde y c\u00f3mo apostar. Somos una empresa tecnol\u00f3gica con una vertical especializada en apuestas deportivas. Detr\u00e1s de MYWIN360 hay [&hellip;]<\/p>\n","protected":false},"author":3,"featured_media":0,"parent":0,"menu_order":0,"comment_status":"closed","ping_status":"closed","template":"","meta":{"_acf_changed":false,"inline_featured_image":false,"footnotes":""},"class_list":["post-320","page","type-page","status-publish","hentry"],"acf":[],"yoast_head":"<!-- This site is optimized with the Yoast SEO plugin v27.4 - https:\/\/yoast.com\/product\/yoast-seo-wordpress\/ -->\n<title>Qui\u00e9nes somos - MYWIN360 Espa\u00f1a<\/title>\n<meta name=\"robots\" content=\"index, follow, max-snippet:-1, max-image-preview:large, max-video-preview:-1\" \/>\n<link rel=\"canonical\" href=\"https:\/\/wordpress-mywind360.qa-bit.dev\/es\/quienes-somos\/\" \/>\n<meta property=\"og:locale\" content=\"es_ES\" \/>\n<meta property=\"og:type\" content=\"article\" \/>\n<meta property=\"og:title\" content=\"Qui\u00e9nes somos - MYWIN360 Espa\u00f1a\" \/>\n<meta property=\"og:description\" content=\"MYWIN360 es una plataforma digital de contenidos y comparativa de apuestas deportivas. Analizamos partidos, comparamos cuotas, revisamos bonos y evaluamos casas de apuestas para que tengas toda la informaci\u00f3n en un solo sitio antes de decidir d\u00f3nde y c\u00f3mo apostar. Somos una empresa tecnol\u00f3gica con una vertical especializada en apuestas deportivas. Detr\u00e1s de MYWIN360 hay [&hellip;]\" \/>\n<meta property=\"og:url\" content=\"https:\/\/wordpress-mywind360.qa-bit.dev\/es\/quienes-somos\/\" \/>\n<meta property=\"og:site_name\" content=\"MYWIN360 Espa\u00f1a\" \/>\n<meta name=\"twitter:card\" content=\"summary_large_image\" \/>\n<meta name=\"twitter:label1\" content=\"Tiempo de lectura\" \/>\n\t<meta name=\"twitter:data1\" content=\"1 minuto\" \/>\n<script type=\"application\/ld+json\" class=\"yoast-schema-graph\">{\"@context\":\"https:\\\/\\\/schema.org\",\"@graph\":[{\"@type\":\"WebPage\",\"@id\":\"https:\\\/\\\/wordpress-mywind360.qa-bit.dev\\\/es\\\/quienes-somos\\\/\",\"url\":\"https:\\\/\\\/wordpress-mywind360.qa-bit.dev\\\/es\\\/quienes-somos\\\/\",\"name\":\"Qui\u00e9nes somos - MYWIN360 Espa\u00f1a\",\"isPartOf\":{\"@id\":\"https:\\\/\\\/wordpress-mywind360.qa-bit.dev\\\/es\\\/#website\"},\"datePublished\":\"2026-04-16T09:40:57+00:00\",\"breadcrumb\":{\"@id\":\"https:\\\/\\\/wordpress-mywind360.qa-bit.dev\\\/es\\\/quienes-somos\\\/#breadcrumb\"},\"inLanguage\":\"es\",\"potentialAction\":[{\"@type\":\"ReadAction\",\"target\":[\"https:\\\/\\\/wordpress-mywind360.qa-bit.dev\\\/es\\\/quienes-somos\\\/\"]}]},{\"@type\":\"BreadcrumbList\",\"@id\":\"https:\\\/\\\/wordpress-mywind360.qa-bit.dev\\\/es\\\/quienes-somos\\\/#breadcrumb\",\"itemListElement\":[{\"@type\":\"ListItem\",\"position\":1,\"name\":\"Portada\",\"item\":\"https:\\\/\\\/wordpress-mywind360.qa-bit.dev\\\/es\\\/\"},{\"@type\":\"ListItem\",\"position\":2,\"name\":\"Qui\u00e9nes somos\"}]},{\"@type\":\"WebSite\",\"@id\":\"https:\\\/\\\/wordpress-mywind360.qa-bit.dev\\\/es\\\/#website\",\"url\":\"https:\\\/\\\/wordpress-mywind360.qa-bit.dev\\\/es\\\/\",\"name\":\"MYWIN360 Espa\u00f1a\",\"description\":\"\",\"potentialAction\":[{\"@type\":\"SearchAction\",\"target\":{\"@type\":\"EntryPoint\",\"urlTemplate\":\"https:\\\/\\\/wordpress-mywind360.qa-bit.dev\\\/es\\\/?s={search_term_string}\"},\"query-input\":{\"@type\":\"PropertyValueSpecification\",\"valueRequired\":true,\"valueName\":\"search_term_string\"}}],\"inLanguage\":\"es\"}]}<\/script>\n<!-- \/ Yoast SEO plugin. -->","yoast_head_json":{"title":"Qui\u00e9nes somos - MYWIN360 Espa\u00f1a","robots":{"index":"index","follow":"follow","max-snippet":"max-snippet:-1","max-image-preview":"max-image-preview:large","max-video-preview":"max-video-preview:-1"},"canonical":"https:\/\/wordpress-mywind360.qa-bit.dev\/es\/quienes-somos\/","og_locale":"es_ES","og_type":"article","og_title":"Qui\u00e9nes somos - MYWIN360 Espa\u00f1a","og_description":"MYWIN360 es una plataforma digital de contenidos y comparativa de apuestas deportivas. Analizamos partidos, comparamos cuotas, revisamos bonos y evaluamos casas de apuestas para que tengas toda la informaci\u00f3n en un solo sitio antes de decidir d\u00f3nde y c\u00f3mo apostar. Somos una empresa tecnol\u00f3gica con una vertical especializada en apuestas deportivas. Detr\u00e1s de MYWIN360 hay [&hellip;]","og_url":"https:\/\/wordpress-mywind360.qa-bit.dev\/es\/quienes-somos\/","og_site_name":"MYWIN360 Espa\u00f1a","twitter_card":"summary_large_image","twitter_misc":{"Tiempo de lectura":"1 minuto"},"schema":{"@context":"https:\/\/schema.org","@graph":[{"@type":"WebPage","@id":"https:\/\/wordpress-mywind360.qa-bit.dev\/es\/quienes-somos\/","url":"https:\/\/wordpress-mywind360.qa-bit.dev\/es\/quienes-somos\/","name":"Qui\u00e9nes somos - MYWIN360 Espa\u00f1a","isPartOf":{"@id":"https:\/\/wordpress-mywind360.qa-bit.dev\/es\/#website"},"datePublished":"2026-04-16T09:40:57+00:00","breadcrumb":{"@id":"https:\/\/wordpress-mywind360.qa-bit.dev\/es\/quienes-somos\/#breadcrumb"},"inLanguage":"es","potentialAction":[{"@type":"ReadAction","target":["https:\/\/wordpress-mywind360.qa-bit.dev\/es\/quienes-somos\/"]}]},{"@type":"BreadcrumbList","@id":"https:\/\/wordpress-mywind360.qa-bit.dev\/es\/quienes-somos\/#breadcrumb","itemListElement":[{"@type":"ListItem","position":1,"name":"Portada","item":"https:\/\/wordpress-mywind360.qa-bit.dev\/es\/"},{"@type":"ListItem","position":2,"name":"Qui\u00e9nes somos"}]},{"@type":"WebSite","@id":"https:\/\/wordpress-mywind360.qa-bit.dev\/es\/#website","url":"https:\/\/wordpress-mywind360.qa-bit.dev\/es\/","name":"MYWIN360 Espa\u00f1a","description":"","potentialAction":[{"@type":"SearchAction","target":{"@type":"EntryPoint","urlTemplate":"https:\/\/wordpress-mywind360.qa-bit.dev\/es\/?s={search_term_string}"},"query-input":{"@type":"PropertyValueSpecification","valueRequired":true,"valueName":"search_term_string"}}],"inLanguage":"es"}]}},"_links":{"self":[{"href":"https:\/\/wordpress-mywind360.qa-bit.dev\/es\/wp-json\/wp\/v2\/pages\/320","targetHints":{"allow":["GET"]}}],"collection":[{"href":"https:\/\/wordpress-mywind360.qa-bit.dev\/es\/wp-json\/wp\/v2\/pages"}],"about":[{"href":"https:\/\/wordpress-mywind360.qa-bit.dev\/es\/wp-json\/wp\/v2\/types\/page"}],"author":[{"embeddable":true,"href":"https:\/\/wordpress-mywind360.qa-bit.dev\/es\/wp-json\/wp\/v2\/users\/3"}],"replies":[{"embeddable":true,"href":"https:\/\/wordpress-mywind360.qa-bit.dev\/es\/wp-json\/wp\/v2\/comments?post=320"}],"version-history":[{"count":1,"href":"https:\/\/wordpress-mywind360.qa-bit.dev\/es\/wp-json\/wp\/v2\/pages\/320\/revisions"}],"predecessor-version":[{"id":321,"href":"https:\/\/wordpress-mywind360.qa-bit.dev\/es\/wp-json\/wp\/v2\/pages\/320\/revisions\/321"}],"wp:attachment":[{"href":"https:\/\/wordpress-mywind360.qa-bit.dev\/es\/wp-json\/wp\/v2\/media?parent=320"}],"curies":[{"name":"wp","href":"https:\/\/api.w.org\/{rel}","templated":true}]}}