{"id":318,"date":"2026-04-16T11:34:03","date_gmt":"2026-04-16T09:34:03","guid":{"rendered":"https:\/\/wordpress-mywind360.qa-bit.dev\/es\/?page_id=318"},"modified":"2026-04-16T11:34:03","modified_gmt":"2026-04-16T09:34:03","slug":"politica-de-cookies","status":"publish","type":"page","link":"https:\/\/wordpress-mywind360.qa-bit.dev\/es\/politica-de-cookies\/","title":{"rendered":"Pol\u00edtica de cookies"},"content":{"rendered":"<div class=\"wordp-before-content wordp-entity-placement\" id=\"wordp-4020850789\"><div id=\"wordp-3296829270\" style=\"margin-left: auto;margin-right: auto;text-align: center;\"><a href=\"https:\/\/www.bet365.es\/#\/HO\/\" aria-label=\"image 28 (1)\"><img loading=\"lazy\" decoding=\"async\" src=\"https:\/\/wordpress-mywind360.qa-bit.dev\/es\/wp-content\/uploads\/sites\/2\/2026\/04\/image-28-1.png\" alt=\"\"  srcset=\"https:\/\/wordpress-mywind360.qa-bit.dev\/es\/wp-content\/uploads\/sites\/2\/2026\/04\/image-28-1.png 315w, https:\/\/wordpress-mywind360.qa-bit.dev\/es\/wp-content\/uploads\/sites\/2\/2026\/04\/image-28-1-150x300.png 150w\" sizes=\"(max-width: 315px) 100vw, 315px\" width=\"315\" height=\"630\"  style=\"display: inline-block;\" \/><\/a><\/div><\/div><div>\n<div class=\"standard-markdown grid-cols-1 grid [&amp;_&gt;_*]:min-w-0 gap-3\">\n<p class=\"font-claude-response-body break-words whitespace-normal leading-[1.7]\"><strong>1. \u00bfQu\u00e9 son las cookies?<\/strong><\/p>\n<\/div>\n<\/div>\n<div>\n<div class=\"standard-markdown grid-cols-1 grid [&amp;_&gt;_*]:min-w-0 gap-3\">\n<p class=\"font-claude-response-body break-words whitespace-normal leading-[1.7]\">Las cookies son peque\u00f1os archivos de texto que los sitios web almacenan en el dispositivo del usuario cuando este los visita. Su funci\u00f3n es reconocer al usuario en visitas sucesivas, recordar sus preferencias y recoger informaci\u00f3n sobre c\u00f3mo interact\u00faa con el sitio.<\/p>\n<\/div>\n<\/div>\n<div>\n<div class=\"standard-markdown grid-cols-1 grid [&amp;_&gt;_*]:min-w-0 gap-3\">\n<p class=\"font-claude-response-body break-words whitespace-normal leading-[1.7]\">Las cookies no son programas ni virus. No acceden a los datos almacenados en tu dispositivo ni lo da\u00f1an de ninguna forma.<\/p>\n<\/div>\n<\/div>\n<div>\n<div class=\"standard-markdown grid-cols-1 grid [&amp;_&gt;_*]:min-w-0 gap-3\">\n<hr class=\"border-border-200 border-t-0.5 my-3 mx-1.5\" \/>\n<\/div>\n<\/div>\n<div>\n<div class=\"standard-markdown grid-cols-1 grid [&amp;_&gt;_*]:min-w-0 gap-3\">\n<p class=\"font-claude-response-body break-words whitespace-normal leading-[1.7]\"><strong>2. \u00bfQui\u00e9n es el responsable?<\/strong><\/p>\n<\/div>\n<\/div>\n<div>\n<div class=\"standard-markdown grid-cols-1 grid [&amp;_&gt;_*]:min-w-0 gap-3\">\n<p class=\"font-claude-response-body break-words whitespace-normal leading-[1.7]\">El responsable del Sitio Web y del uso de cookies en mywin360.com es:<\/p>\n<\/div>\n<\/div>\n<div>\n<div class=\"standard-markdown grid-cols-1 grid [&amp;_&gt;_*]:min-w-0 gap-3\">\n<ul class=\"[li_&amp;]:mb-0 [li_&amp;]:mt-1 [li_&amp;]:gap-1 [&amp;:not(:last-child)_ul]:pb-1 [&amp;:not(:last-child)_ol]:pb-1 list-disc flex flex-col gap-1 pl-8 mb-3\">\n<li class=\"whitespace-normal break-words pl-2\"><strong>Denominaci\u00f3n social:<\/strong> THE HOOK, CREACI\u00d3N DIGITAL PERSONALIZADA, SL<\/li>\n<li class=\"whitespace-normal break-words pl-2\"><strong>CIF:<\/strong> B-88167994<\/li>\n<li class=\"whitespace-normal break-words pl-2\"><strong>Correo electr\u00f3nico:<\/strong> <a class=\"underline underline underline-offset-2 decoration-1 decoration-current\/40 hover:decoration-current focus:decoration-current\" href=\"mailto:legal@mywin360.com\">legal@mywin360.com<\/a><\/li>\n<\/ul>\n<\/div>\n<\/div>\n<div>\n<div class=\"standard-markdown grid-cols-1 grid [&amp;_&gt;_*]:min-w-0 gap-3\">\n<hr class=\"border-border-200 border-t-0.5 my-3 mx-1.5\" \/>\n<\/div>\n<\/div>\n<div>\n<div class=\"standard-markdown grid-cols-1 grid [&amp;_&gt;_*]:min-w-0 gap-3\">\n<p class=\"font-claude-response-body break-words whitespace-normal leading-[1.7]\"><strong>3. Cookies que utilizamos<\/strong><\/p>\n<\/div>\n<\/div>\n<div>\n<div class=\"standard-markdown grid-cols-1 grid [&amp;_&gt;_*]:min-w-0 gap-3\">\n<p class=\"font-claude-response-body break-words whitespace-normal leading-[1.7]\"><strong>3.1 Cookies t\u00e9cnicas o estrictamente necesarias<\/strong><\/p>\n<\/div>\n<\/div>\n<div>\n<div class=\"standard-markdown grid-cols-1 grid [&amp;_&gt;_*]:min-w-0 gap-3\">\n<p class=\"font-claude-response-body break-words whitespace-normal leading-[1.7]\">Son imprescindibles para el funcionamiento b\u00e1sico del Sitio Web. Sin ellas, algunas funcionalidades no estar\u00edan disponibles. No requieren consentimiento del usuario.<\/p>\n<\/div>\n<\/div>\n<div>\n<div class=\"standard-markdown grid-cols-1 grid [&amp;_&gt;_*]:min-w-0 gap-3\">\n<div class=\"overflow-x-auto w-full px-2 mb-6\">\n<table class=\"min-w-full border-collapse text-sm leading-[1.7] whitespace-normal\">\n<thead class=\"text-left\">\n<tr>\n<th class=\"text-text-100 border-b-0.5 border-border-300\/60 py-2 pr-4 align-top font-bold\" scope=\"col\">Cookie<\/th>\n<th class=\"text-text-100 border-b-0.5 border-border-300\/60 py-2 pr-4 align-top font-bold\" scope=\"col\">Proveedor<\/th>\n<th class=\"text-text-100 border-b-0.5 border-border-300\/60 py-2 pr-4 align-top font-bold\" scope=\"col\">Finalidad<\/th>\n<th class=\"text-text-100 border-b-0.5 border-border-300\/60 py-2 pr-4 align-top font-bold\" scope=\"col\">Duraci\u00f3n<\/th>\n<\/tr>\n<\/thead>\n<tbody>\n<tr>\n<td class=\"border-b-0.5 border-border-300\/30 py-2 pr-4 align-top\">wordpress_sec<\/td>\n<td class=\"border-b-0.5 border-border-300\/30 py-2 pr-4 align-top\">mywin360.com<\/td>\n<td class=\"border-b-0.5 border-border-300\/30 py-2 pr-4 align-top\">Seguridad de sesi\u00f3n<\/td>\n<td class=\"border-b-0.5 border-border-300\/30 py-2 pr-4 align-top\">Sesi\u00f3n<\/td>\n<\/tr>\n<tr>\n<td class=\"border-b-0.5 border-border-300\/30 py-2 pr-4 align-top\">wordpress_logged_in<\/td>\n<td class=\"border-b-0.5 border-border-300\/30 py-2 pr-4 align-top\">mywin360.com<\/td>\n<td class=\"border-b-0.5 border-border-300\/30 py-2 pr-4 align-top\">Estado de sesi\u00f3n de administraci\u00f3n<\/td>\n<td class=\"border-b-0.5 border-border-300\/30 py-2 pr-4 align-top\">Sesi\u00f3n<\/td>\n<\/tr>\n<tr>\n<td class=\"border-b-0.5 border-border-300\/30 py-2 pr-4 align-top\">PHPSESSID<\/td>\n<td class=\"border-b-0.5 border-border-300\/30 py-2 pr-4 align-top\">mywin360.com<\/td>\n<td class=\"border-b-0.5 border-border-300\/30 py-2 pr-4 align-top\">Identificaci\u00f3n de sesi\u00f3n del servidor<\/td>\n<td class=\"border-b-0.5 border-border-300\/30 py-2 pr-4 align-top\">Sesi\u00f3n<\/td>\n<\/tr>\n<\/tbody>\n<\/table>\n<\/div>\n<\/div>\n<\/div>\n<div>\n<div class=\"standard-markdown grid-cols-1 grid [&amp;_&gt;_*]:min-w-0 gap-3\">\n<p class=\"font-claude-response-body break-words whitespace-normal leading-[1.7]\"><strong>3.2 Cookies anal\u00edticas<\/strong><\/p>\n<\/div>\n<\/div>\n<div>\n<div class=\"standard-markdown grid-cols-1 grid [&amp;_&gt;_*]:min-w-0 gap-3\">\n<p class=\"font-claude-response-body break-words whitespace-normal leading-[1.7]\">Recogen informaci\u00f3n estad\u00edstica sobre el uso del Sitio Web con el fin de mejorar su rendimiento y contenidos. Requieren el consentimiento del usuario.<\/p>\n<\/div>\n<\/div>\n<div>\n<div class=\"standard-markdown grid-cols-1 grid [&amp;_&gt;_*]:min-w-0 gap-3\">\n<div class=\"overflow-x-auto w-full px-2 mb-6\">\n<table class=\"min-w-full border-collapse text-sm leading-[1.7] whitespace-normal\">\n<thead class=\"text-left\">\n<tr>\n<th class=\"text-text-100 border-b-0.5 border-border-300\/60 py-2 pr-4 align-top font-bold\" scope=\"col\">Cookie<\/th>\n<th class=\"text-text-100 border-b-0.5 border-border-300\/60 py-2 pr-4 align-top font-bold\" scope=\"col\">Proveedor<\/th>\n<th class=\"text-text-100 border-b-0.5 border-border-300\/60 py-2 pr-4 align-top font-bold\" scope=\"col\">Finalidad<\/th>\n<th class=\"text-text-100 border-b-0.5 border-border-300\/60 py-2 pr-4 align-top font-bold\" scope=\"col\">Duraci\u00f3n<\/th>\n<\/tr>\n<\/thead>\n<tbody>\n<tr>\n<td class=\"border-b-0.5 border-border-300\/30 py-2 pr-4 align-top\">_ga<\/td>\n<td class=\"border-b-0.5 border-border-300\/30 py-2 pr-4 align-top\">Google Analytics<\/td>\n<td class=\"border-b-0.5 border-border-300\/30 py-2 pr-4 align-top\">Distingue usuarios \u00fanicos mediante un identificador an\u00f3nimo<\/td>\n<td class=\"border-b-0.5 border-border-300\/30 py-2 pr-4 align-top\">2 a\u00f1os<\/td>\n<\/tr>\n<tr>\n<td class=\"border-b-0.5 border-border-300\/30 py-2 pr-4 align-top\"><em>ga<\/em>*<\/td>\n<td class=\"border-b-0.5 border-border-300\/30 py-2 pr-4 align-top\">Google Analytics<\/td>\n<td class=\"border-b-0.5 border-border-300\/30 py-2 pr-4 align-top\">Mantiene el estado de la sesi\u00f3n de an\u00e1lisis<\/td>\n<td class=\"border-b-0.5 border-border-300\/30 py-2 pr-4 align-top\">2 a\u00f1os<\/td>\n<\/tr>\n<tr>\n<td class=\"border-b-0.5 border-border-300\/30 py-2 pr-4 align-top\">_gid<\/td>\n<td class=\"border-b-0.5 border-border-300\/30 py-2 pr-4 align-top\">Google Analytics<\/td>\n<td class=\"border-b-0.5 border-border-300\/30 py-2 pr-4 align-top\">Distingue usuarios, se actualiza cada 24 horas<\/td>\n<td class=\"border-b-0.5 border-border-300\/30 py-2 pr-4 align-top\">24 horas<\/td>\n<\/tr>\n<tr>\n<td class=\"border-b-0.5 border-border-300\/30 py-2 pr-4 align-top\">_gat<\/td>\n<td class=\"border-b-0.5 border-border-300\/30 py-2 pr-4 align-top\">Google Analytics<\/td>\n<td class=\"border-b-0.5 border-border-300\/30 py-2 pr-4 align-top\">Limita la frecuencia de las solicitudes al servidor<\/td>\n<td class=\"border-b-0.5 border-border-300\/30 py-2 pr-4 align-top\">1 minuto<\/td>\n<\/tr>\n<\/tbody>\n<\/table>\n<\/div>\n<\/div>\n<\/div>\n<div>\n<div class=\"standard-markdown grid-cols-1 grid [&amp;_&gt;_*]:min-w-0 gap-3\">\n<p class=\"font-claude-response-body break-words whitespace-normal leading-[1.7]\">Google LLC, prestador de Google Analytics, puede transferir estos datos a servidores ubicados en Estados Unidos. Esta transferencia est\u00e1 amparada por las Cl\u00e1usulas Contractuales Tipo de la Comisi\u00f3n Europea y el marco EU-US Data Privacy Framework.<\/p>\n<\/div>\n<\/div>\n<div>\n<div class=\"standard-markdown grid-cols-1 grid [&amp;_&gt;_*]:min-w-0 gap-3\">\n<p class=\"font-claude-response-body break-words whitespace-normal leading-[1.7]\">Para m\u00e1s informaci\u00f3n: <a class=\"underline underline underline-offset-2 decoration-1 decoration-current\/40 hover:decoration-current focus:decoration-current\" href=\"https:\/\/policies.google.com\/privacy\">Pol\u00edtica de privacidad de Google<\/a>.<\/p>\n<\/div>\n<\/div>\n<div>\n<div class=\"standard-markdown grid-cols-1 grid [&amp;_&gt;_*]:min-w-0 gap-3\">\n<p class=\"font-claude-response-body break-words whitespace-normal leading-[1.7]\"><strong>3.3 Cookies publicitarias<\/strong><\/p>\n<\/div>\n<\/div>\n<div>\n<div class=\"standard-markdown grid-cols-1 grid [&amp;_&gt;_*]:min-w-0 gap-3\">\n<p class=\"font-claude-response-body break-words whitespace-normal leading-[1.7]\">mywin360.com gestiona su publicidad de forma directa, sin intermediaci\u00f3n de redes publicitarias externas ni plataformas program\u00e1ticas. Los anuncios se muestran de forma contextual y <strong>no se instalan cookies publicitarias de terceros<\/strong> en el dispositivo del usuario.<\/p>\n<\/div>\n<\/div>\n<div>\n<div class=\"standard-markdown grid-cols-1 grid [&amp;_&gt;_*]:min-w-0 gap-3\">\n<hr class=\"border-border-200 border-t-0.5 my-3 mx-1.5\" \/>\n<\/div>\n<\/div>\n<div>\n<div class=\"standard-markdown grid-cols-1 grid [&amp;_&gt;_*]:min-w-0 gap-3\">\n<p class=\"font-claude-response-body break-words whitespace-normal leading-[1.7]\"><strong>4. C\u00f3mo gestionar tu consentimiento<\/strong><\/p>\n<\/div>\n<\/div>\n<div>\n<div class=\"standard-markdown grid-cols-1 grid [&amp;_&gt;_*]:min-w-0 gap-3\">\n<p class=\"font-claude-response-body break-words whitespace-normal leading-[1.7]\">La primera vez que accedes a mywin360.com, aparece un panel de configuraci\u00f3n de cookies donde puedes aceptar, rechazar o personalizar el uso de cookies no esenciales.<\/p>\n<\/div>\n<\/div>\n<div>\n<div class=\"standard-markdown grid-cols-1 grid [&amp;_&gt;_*]:min-w-0 gap-3\">\n<p class=\"font-claude-response-body break-words whitespace-normal leading-[1.7]\">Puedes modificar tus preferencias en cualquier momento accediendo al panel de configuraci\u00f3n de cookies disponible en el pie de p\u00e1gina del Sitio Web.<\/p>\n<\/div>\n<\/div>\n<div>\n<div class=\"standard-markdown grid-cols-1 grid [&amp;_&gt;_*]:min-w-0 gap-3\">\n<p class=\"font-claude-response-body break-words whitespace-normal leading-[1.7]\">Ten en cuenta que rechazar las cookies anal\u00edticas no afecta a tu navegaci\u00f3n ni al acceso a los contenidos del Sitio Web.<\/p>\n<\/div>\n<\/div>\n<div>\n<div class=\"standard-markdown grid-cols-1 grid [&amp;_&gt;_*]:min-w-0 gap-3\">\n<hr class=\"border-border-200 border-t-0.5 my-3 mx-1.5\" \/>\n<\/div>\n<\/div>\n<div>\n<div class=\"standard-markdown grid-cols-1 grid [&amp;_&gt;_*]:min-w-0 gap-3\">\n<p class=\"font-claude-response-body break-words whitespace-normal leading-[1.7]\"><strong>5. C\u00f3mo desactivar las cookies desde tu navegador<\/strong><\/p>\n<\/div>\n<\/div>\n<div>\n<div class=\"standard-markdown grid-cols-1 grid [&amp;_&gt;_*]:min-w-0 gap-3\">\n<p class=\"font-claude-response-body break-words whitespace-normal leading-[1.7]\">Con independencia de las opciones anteriores, puedes configurar tu navegador para bloquear o eliminar cookies. A continuaci\u00f3n encontrar\u00e1s los enlaces de ayuda de los navegadores m\u00e1s habituales:<\/p>\n<\/div>\n<\/div>\n<div>\n<div class=\"standard-markdown grid-cols-1 grid [&amp;_&gt;_*]:min-w-0 gap-3\">\n<ul class=\"[li_&amp;]:mb-0 [li_&amp;]:mt-1 [li_&amp;]:gap-1 [&amp;:not(:last-child)_ul]:pb-1 [&amp;:not(:last-child)_ol]:pb-1 list-disc flex flex-col gap-1 pl-8 mb-3\">\n<li class=\"whitespace-normal break-words pl-2\"><strong>Google Chrome:<\/strong> <a class=\"underline underline underline-offset-2 decoration-1 decoration-current\/40 hover:decoration-current focus:decoration-current\" href=\"https:\/\/support.google.com\/chrome\/answer\/95647\">support.google.com\/chrome<\/a><\/li>\n<li class=\"whitespace-normal break-words pl-2\"><strong>Mozilla Firefox:<\/strong> <a class=\"underline underline underline-offset-2 decoration-1 decoration-current\/40 hover:decoration-current focus:decoration-current\" href=\"https:\/\/support.mozilla.org\/es\/kb\/habilitar-y-deshabilitar-cookies-sitios-web-rastrear-preferencias\">support.mozilla.org<\/a><\/li>\n<li class=\"whitespace-normal break-words pl-2\"><strong>Safari:<\/strong> <a class=\"underline underline underline-offset-2 decoration-1 decoration-current\/40 hover:decoration-current focus:decoration-current\" href=\"https:\/\/support.apple.com\/es-es\/guide\/safari\/sfri11471\/mac\">support.apple.com<\/a><\/li>\n<li class=\"whitespace-normal break-words pl-2\"><strong>Microsoft Edge:<\/strong> <a class=\"underline underline underline-offset-2 decoration-1 decoration-current\/40 hover:decoration-current focus:decoration-current\" href=\"https:\/\/support.microsoft.com\/es-es\/microsoft-edge\/eliminar-las-cookies-en-microsoft-edge-63947406-40ac-c3b8-57b9-2a946a29ae09\">support.microsoft.com<\/a><\/li>\n<\/ul>\n<\/div>\n<\/div>\n<div>\n<div class=\"standard-markdown grid-cols-1 grid [&amp;_&gt;_*]:min-w-0 gap-3\">\n<p class=\"font-claude-response-body break-words whitespace-normal leading-[1.7]\">Ten en cuenta que desactivar las cookies desde el navegador puede afectar al funcionamiento de algunos sitios web.<\/p>\n<\/div>\n<\/div>\n<div>\n<div class=\"standard-markdown grid-cols-1 grid [&amp;_&gt;_*]:min-w-0 gap-3\">\n<hr class=\"border-border-200 border-t-0.5 my-3 mx-1.5\" \/>\n<\/div>\n<\/div>\n<div>\n<div class=\"standard-markdown grid-cols-1 grid [&amp;_&gt;_*]:min-w-0 gap-3\">\n<p class=\"font-claude-response-body break-words whitespace-normal leading-[1.7]\"><strong>6. Actualizaciones de esta pol\u00edtica<\/strong><\/p>\n<\/div>\n<\/div>\n<div>\n<div class=\"standard-markdown grid-cols-1 grid [&amp;_&gt;_*]:min-w-0 gap-3\">\n<p class=\"font-claude-response-body break-words whitespace-normal leading-[1.7]\">Esta Pol\u00edtica de Cookies puede actualizarse cuando incorporemos nuevas herramientas, modifiquemos las existentes o se produzcan cambios normativos. Cualquier modificaci\u00f3n relevante se comunicar\u00e1 de forma visible en el Sitio Web.<\/p>\n<\/div>\n<\/div>\n<div>\n<div class=\"standard-markdown grid-cols-1 grid [&amp;_&gt;_*]:min-w-0 gap-3\"><span class=\"TextRun SCXW19406006 BCX0\" lang=\"ES-ES\" xml:lang=\"ES-ES\" data-contrast=\"auto\"><strong><span class=\"NormalTextRun SCXW19406006 BCX0\">\u00daltima\u00a0<\/span><\/strong><span class=\"NormalTextRun SCXW19406006 BCX0\"><strong>actualizaci\u00f3n:<\/strong>\u00a0<\/span><\/span><span class=\"TextRun SCXW19406006 BCX0\" lang=\"ES-ES\" xml:lang=\"ES-ES\" data-contrast=\"auto\"><span class=\"NormalTextRun SCXW19406006 BCX0\">mayo<\/span><span class=\"NormalTextRun SCXW19406006 BCX0\">\u00a0de 2026<\/span><\/span><span class=\"EOP Selected SCXW19406006 BCX0\" data-ccp-props=\"{&quot;134233117&quot;:false,&quot;134233118&quot;:false,&quot;201341983&quot;:0,&quot;335551550&quot;:1,&quot;335551620&quot;:1,&quot;335559685&quot;:0,&quot;335559737&quot;:0,&quot;335559738&quot;:0,&quot;335559739&quot;:160,&quot;335559740&quot;:279}\">\u00a0<\/span><\/div>\n<\/div>\n","protected":false},"excerpt":{"rendered":"<p>1. \u00bfQu\u00e9 son las cookies? Las cookies son peque\u00f1os archivos de texto que los sitios web almacenan en el dispositivo del usuario cuando este los visita. Su funci\u00f3n es reconocer al usuario en visitas sucesivas, recordar sus preferencias y recoger informaci\u00f3n sobre c\u00f3mo interact\u00faa con el sitio. Las cookies no son programas ni virus. No [&hellip;]<\/p>\n","protected":false},"author":3,"featured_media":0,"parent":0,"menu_order":0,"comment_status":"closed","ping_status":"closed","template":"","meta":{"_acf_changed":false,"inline_featured_image":false,"footnotes":""},"class_list":["post-318","page","type-page","status-publish","hentry"],"acf":[],"yoast_head":"<!-- This site is optimized with the Yoast SEO plugin v27.4 - https:\/\/yoast.com\/product\/yoast-seo-wordpress\/ -->\n<title>Pol\u00edtica de cookies - MYWIN360 Espa\u00f1a<\/title>\n<meta name=\"robots\" content=\"index, follow, max-snippet:-1, max-image-preview:large, max-video-preview:-1\" \/>\n<link rel=\"canonical\" href=\"https:\/\/wordpress-mywind360.qa-bit.dev\/es\/politica-de-cookies\/\" \/>\n<meta property=\"og:locale\" content=\"es_ES\" \/>\n<meta property=\"og:type\" content=\"article\" \/>\n<meta property=\"og:title\" content=\"Pol\u00edtica de cookies - MYWIN360 Espa\u00f1a\" \/>\n<meta property=\"og:description\" content=\"1. \u00bfQu\u00e9 son las cookies? Las cookies son peque\u00f1os archivos de texto que los sitios web almacenan en el dispositivo del usuario cuando este los visita. Su funci\u00f3n es reconocer al usuario en visitas sucesivas, recordar sus preferencias y recoger informaci\u00f3n sobre c\u00f3mo interact\u00faa con el sitio. Las cookies no son programas ni virus. No [&hellip;]\" \/>\n<meta property=\"og:url\" content=\"https:\/\/wordpress-mywind360.qa-bit.dev\/es\/politica-de-cookies\/\" \/>\n<meta property=\"og:site_name\" content=\"MYWIN360 Espa\u00f1a\" \/>\n<meta name=\"twitter:card\" content=\"summary_large_image\" \/>\n<meta name=\"twitter:label1\" content=\"Tiempo de lectura\" \/>\n\t<meta name=\"twitter:data1\" content=\"3 minutos\" \/>\n<script type=\"application\/ld+json\" class=\"yoast-schema-graph\">{\"@context\":\"https:\\\/\\\/schema.org\",\"@graph\":[{\"@type\":\"WebPage\",\"@id\":\"https:\\\/\\\/wordpress-mywind360.qa-bit.dev\\\/es\\\/politica-de-cookies\\\/\",\"url\":\"https:\\\/\\\/wordpress-mywind360.qa-bit.dev\\\/es\\\/politica-de-cookies\\\/\",\"name\":\"Pol\u00edtica de cookies - MYWIN360 Espa\u00f1a\",\"isPartOf\":{\"@id\":\"https:\\\/\\\/wordpress-mywind360.qa-bit.dev\\\/es\\\/#website\"},\"datePublished\":\"2026-04-16T09:34:03+00:00\",\"breadcrumb\":{\"@id\":\"https:\\\/\\\/wordpress-mywind360.qa-bit.dev\\\/es\\\/politica-de-cookies\\\/#breadcrumb\"},\"inLanguage\":\"es\",\"potentialAction\":[{\"@type\":\"ReadAction\",\"target\":[\"https:\\\/\\\/wordpress-mywind360.qa-bit.dev\\\/es\\\/politica-de-cookies\\\/\"]}]},{\"@type\":\"BreadcrumbList\",\"@id\":\"https:\\\/\\\/wordpress-mywind360.qa-bit.dev\\\/es\\\/politica-de-cookies\\\/#breadcrumb\",\"itemListElement\":[{\"@type\":\"ListItem\",\"position\":1,\"name\":\"Portada\",\"item\":\"https:\\\/\\\/wordpress-mywind360.qa-bit.dev\\\/es\\\/\"},{\"@type\":\"ListItem\",\"position\":2,\"name\":\"Pol\u00edtica de cookies\"}]},{\"@type\":\"WebSite\",\"@id\":\"https:\\\/\\\/wordpress-mywind360.qa-bit.dev\\\/es\\\/#website\",\"url\":\"https:\\\/\\\/wordpress-mywind360.qa-bit.dev\\\/es\\\/\",\"name\":\"MYWIN360 Espa\u00f1a\",\"description\":\"\",\"potentialAction\":[{\"@type\":\"SearchAction\",\"target\":{\"@type\":\"EntryPoint\",\"urlTemplate\":\"https:\\\/\\\/wordpress-mywind360.qa-bit.dev\\\/es\\\/?s={search_term_string}\"},\"query-input\":{\"@type\":\"PropertyValueSpecification\",\"valueRequired\":true,\"valueName\":\"search_term_string\"}}],\"inLanguage\":\"es\"}]}<\/script>\n<!-- \/ Yoast SEO plugin. -->","yoast_head_json":{"title":"Pol\u00edtica de cookies - MYWIN360 Espa\u00f1a","robots":{"index":"index","follow":"follow","max-snippet":"max-snippet:-1","max-image-preview":"max-image-preview:large","max-video-preview":"max-video-preview:-1"},"canonical":"https:\/\/wordpress-mywind360.qa-bit.dev\/es\/politica-de-cookies\/","og_locale":"es_ES","og_type":"article","og_title":"Pol\u00edtica de cookies - MYWIN360 Espa\u00f1a","og_description":"1. \u00bfQu\u00e9 son las cookies? Las cookies son peque\u00f1os archivos de texto que los sitios web almacenan en el dispositivo del usuario cuando este los visita. Su funci\u00f3n es reconocer al usuario en visitas sucesivas, recordar sus preferencias y recoger informaci\u00f3n sobre c\u00f3mo interact\u00faa con el sitio. Las cookies no son programas ni virus. No [&hellip;]","og_url":"https:\/\/wordpress-mywind360.qa-bit.dev\/es\/politica-de-cookies\/","og_site_name":"MYWIN360 Espa\u00f1a","twitter_card":"summary_large_image","twitter_misc":{"Tiempo de lectura":"3 minutos"},"schema":{"@context":"https:\/\/schema.org","@graph":[{"@type":"WebPage","@id":"https:\/\/wordpress-mywind360.qa-bit.dev\/es\/politica-de-cookies\/","url":"https:\/\/wordpress-mywind360.qa-bit.dev\/es\/politica-de-cookies\/","name":"Pol\u00edtica de cookies - MYWIN360 Espa\u00f1a","isPartOf":{"@id":"https:\/\/wordpress-mywind360.qa-bit.dev\/es\/#website"},"datePublished":"2026-04-16T09:34:03+00:00","breadcrumb":{"@id":"https:\/\/wordpress-mywind360.qa-bit.dev\/es\/politica-de-cookies\/#breadcrumb"},"inLanguage":"es","potentialAction":[{"@type":"ReadAction","target":["https:\/\/wordpress-mywind360.qa-bit.dev\/es\/politica-de-cookies\/"]}]},{"@type":"BreadcrumbList","@id":"https:\/\/wordpress-mywind360.qa-bit.dev\/es\/politica-de-cookies\/#breadcrumb","itemListElement":[{"@type":"ListItem","position":1,"name":"Portada","item":"https:\/\/wordpress-mywind360.qa-bit.dev\/es\/"},{"@type":"ListItem","position":2,"name":"Pol\u00edtica de cookies"}]},{"@type":"WebSite","@id":"https:\/\/wordpress-mywind360.qa-bit.dev\/es\/#website","url":"https:\/\/wordpress-mywind360.qa-bit.dev\/es\/","name":"MYWIN360 Espa\u00f1a","description":"","potentialAction":[{"@type":"SearchAction","target":{"@type":"EntryPoint","urlTemplate":"https:\/\/wordpress-mywind360.qa-bit.dev\/es\/?s={search_term_string}"},"query-input":{"@type":"PropertyValueSpecification","valueRequired":true,"valueName":"search_term_string"}}],"inLanguage":"es"}]}},"_links":{"self":[{"href":"https:\/\/wordpress-mywind360.qa-bit.dev\/es\/wp-json\/wp\/v2\/pages\/318","targetHints":{"allow":["GET"]}}],"collection":[{"href":"https:\/\/wordpress-mywind360.qa-bit.dev\/es\/wp-json\/wp\/v2\/pages"}],"about":[{"href":"https:\/\/wordpress-mywind360.qa-bit.dev\/es\/wp-json\/wp\/v2\/types\/page"}],"author":[{"embeddable":true,"href":"https:\/\/wordpress-mywind360.qa-bit.dev\/es\/wp-json\/wp\/v2\/users\/3"}],"replies":[{"embeddable":true,"href":"https:\/\/wordpress-mywind360.qa-bit.dev\/es\/wp-json\/wp\/v2\/comments?post=318"}],"version-history":[{"count":1,"href":"https:\/\/wordpress-mywind360.qa-bit.dev\/es\/wp-json\/wp\/v2\/pages\/318\/revisions"}],"predecessor-version":[{"id":319,"href":"https:\/\/wordpress-mywind360.qa-bit.dev\/es\/wp-json\/wp\/v2\/pages\/318\/revisions\/319"}],"wp:attachment":[{"href":"https:\/\/wordpress-mywind360.qa-bit.dev\/es\/wp-json\/wp\/v2\/media?parent=318"}],"curies":[{"name":"wp","href":"https:\/\/api.w.org\/{rel}","templated":true}]}}