{"id":314,"date":"2026-04-16T11:12:18","date_gmt":"2026-04-16T09:12:18","guid":{"rendered":"https:\/\/wordpress-mywind360.qa-bit.dev\/es\/?page_id=314"},"modified":"2026-04-16T11:12:18","modified_gmt":"2026-04-16T09:12:18","slug":"avisos-legales","status":"publish","type":"page","link":"https:\/\/wordpress-mywind360.qa-bit.dev\/es\/avisos-legales\/","title":{"rendered":"Avisos legales"},"content":{"rendered":"<div class=\"wordp-before-content wordp-entity-placement\" id=\"wordp-1104440999\"><div id=\"wordp-2080151668\" style=\"margin-left: auto;margin-right: auto;text-align: center;\"><a href=\"https:\/\/www.bet365.es\/#\/HO\/\" aria-label=\"image 28 (1)\"><img loading=\"lazy\" decoding=\"async\" src=\"https:\/\/wordpress-mywind360.qa-bit.dev\/es\/wp-content\/uploads\/sites\/2\/2026\/04\/image-28-1.png\" alt=\"\"  srcset=\"https:\/\/wordpress-mywind360.qa-bit.dev\/es\/wp-content\/uploads\/sites\/2\/2026\/04\/image-28-1.png 315w, https:\/\/wordpress-mywind360.qa-bit.dev\/es\/wp-content\/uploads\/sites\/2\/2026\/04\/image-28-1-150x300.png 150w\" sizes=\"(max-width: 315px) 100vw, 315px\" width=\"315\" height=\"630\"  style=\"display: inline-block;\" \/><\/a><\/div><\/div><ol>\n<li><b><span data-contrast=\"auto\"> Datos identificativos del titular<\/span><\/b><\/li>\n<\/ol>\n<p><span data-contrast=\"auto\">En cumplimiento de lo establecido en el art\u00edculo 10 de la Ley 34\/2002, de 11 de julio, de Servicios de la Sociedad de la Informaci\u00f3n y de Comercio Electr\u00f3nico (LSSI-CE), se informa de que el presente sitio web es titularidad de:<\/span><span data-ccp-props=\"{&quot;134233117&quot;:false,&quot;134233118&quot;:false,&quot;335551550&quot;:0,&quot;335551620&quot;:0,&quot;335559738&quot;:240,&quot;335559739&quot;:240}\">\u00a0<\/span><\/p>\n<ul>\n<li aria-setsize=\"-1\" data-leveltext=\"\uf0b7\" data-font=\"Symbol\" data-listid=\"1\" data-list-defn-props=\"{&quot;335552541&quot;:1,&quot;335559683&quot;:0,&quot;335559684&quot;:-2,&quot;335559685&quot;:720,&quot;335559991&quot;:360,&quot;469769226&quot;:&quot;Symbol&quot;,&quot;469769242&quot;:[8226],&quot;469777803&quot;:&quot;left&quot;,&quot;469777804&quot;:&quot;\uf0b7&quot;,&quot;469777815&quot;:&quot;hybridMultilevel&quot;}\" data-aria-posinset=\"1\" data-aria-level=\"1\"><b><span data-contrast=\"auto\">Denominaci\u00f3n social:<\/span><\/b><span data-contrast=\"auto\">\u00a0THE HOOK, CREACI\u00d3N DIGITAL PERSONALIZADA, SL<\/span><span data-ccp-props=\"{&quot;134233117&quot;:false,&quot;134233118&quot;:false,&quot;335551550&quot;:0,&quot;335551620&quot;:0,&quot;335559738&quot;:0,&quot;335559739&quot;:0}\">\u00a0<\/span><\/li>\n<\/ul>\n<ul>\n<li aria-setsize=\"-1\" data-leveltext=\"\uf0b7\" data-font=\"Symbol\" data-listid=\"1\" data-list-defn-props=\"{&quot;335552541&quot;:1,&quot;335559683&quot;:0,&quot;335559684&quot;:-2,&quot;335559685&quot;:720,&quot;335559991&quot;:360,&quot;469769226&quot;:&quot;Symbol&quot;,&quot;469769242&quot;:[8226],&quot;469777803&quot;:&quot;left&quot;,&quot;469777804&quot;:&quot;\uf0b7&quot;,&quot;469777815&quot;:&quot;hybridMultilevel&quot;}\" data-aria-posinset=\"2\" data-aria-level=\"1\"><b><span data-contrast=\"auto\">CIF:<\/span><\/b><span data-contrast=\"auto\">\u00a0B-88167994<\/span><span data-ccp-props=\"{&quot;134233117&quot;:false,&quot;134233118&quot;:false,&quot;335551550&quot;:0,&quot;335551620&quot;:0,&quot;335559738&quot;:0,&quot;335559739&quot;:0}\">\u00a0<\/span><\/li>\n<\/ul>\n<ul>\n<li aria-setsize=\"-1\" data-leveltext=\"\uf0b7\" data-font=\"Symbol\" data-listid=\"1\" data-list-defn-props=\"{&quot;335552541&quot;:1,&quot;335559683&quot;:0,&quot;335559684&quot;:-2,&quot;335559685&quot;:720,&quot;335559991&quot;:360,&quot;469769226&quot;:&quot;Symbol&quot;,&quot;469769242&quot;:[8226],&quot;469777803&quot;:&quot;left&quot;,&quot;469777804&quot;:&quot;\uf0b7&quot;,&quot;469777815&quot;:&quot;hybridMultilevel&quot;}\" data-aria-posinset=\"3\" data-aria-level=\"1\"><b><span data-contrast=\"auto\">Domicilio social:<\/span><\/b><span data-contrast=\"auto\">\u00a0Calle de Eraso, 20, 28028 Madrid (Espa\u00f1a)<\/span><span data-ccp-props=\"{&quot;134233117&quot;:false,&quot;134233118&quot;:false,&quot;335551550&quot;:0,&quot;335551620&quot;:0,&quot;335559738&quot;:0,&quot;335559739&quot;:0}\">\u00a0<\/span><\/li>\n<\/ul>\n<ul>\n<li aria-setsize=\"-1\" data-leveltext=\"\uf0b7\" data-font=\"Symbol\" data-listid=\"1\" data-list-defn-props=\"{&quot;335552541&quot;:1,&quot;335559683&quot;:0,&quot;335559684&quot;:-2,&quot;335559685&quot;:720,&quot;335559991&quot;:360,&quot;469769226&quot;:&quot;Symbol&quot;,&quot;469769242&quot;:[8226],&quot;469777803&quot;:&quot;left&quot;,&quot;469777804&quot;:&quot;\uf0b7&quot;,&quot;469777815&quot;:&quot;hybridMultilevel&quot;}\" data-aria-posinset=\"4\" data-aria-level=\"1\"><b><span data-contrast=\"auto\">Correo electr\u00f3nico:<\/span><\/b><span data-contrast=\"auto\">\u00a0<\/span><a href=\"mailto:legal@mywin360.com\"><span data-contrast=\"none\">legal@mywin360.com<\/span><\/a><span data-ccp-props=\"{&quot;134233117&quot;:false,&quot;134233118&quot;:false,&quot;335551550&quot;:0,&quot;335551620&quot;:0,&quot;335559738&quot;:0,&quot;335559739&quot;:0}\">\u00a0<\/span><\/li>\n<\/ul>\n<ul>\n<li aria-setsize=\"-1\" data-leveltext=\"\uf0b7\" data-font=\"Symbol\" data-listid=\"1\" data-list-defn-props=\"{&quot;335552541&quot;:1,&quot;335559683&quot;:0,&quot;335559684&quot;:-2,&quot;335559685&quot;:720,&quot;335559991&quot;:360,&quot;469769226&quot;:&quot;Symbol&quot;,&quot;469769242&quot;:[8226],&quot;469777803&quot;:&quot;left&quot;,&quot;469777804&quot;:&quot;\uf0b7&quot;,&quot;469777815&quot;:&quot;hybridMultilevel&quot;}\" data-aria-posinset=\"5\" data-aria-level=\"1\"><b><span data-contrast=\"auto\">Sitio web:<\/span><\/b><span data-contrast=\"auto\">\u00a0<\/span><a href=\"https:\/\/mywin360.com\/\"><span data-contrast=\"none\">https:\/\/mywin360.com<\/span><\/a><span data-ccp-props=\"{&quot;134233117&quot;:false,&quot;134233118&quot;:false,&quot;335551550&quot;:0,&quot;335551620&quot;:0,&quot;335559738&quot;:0,&quot;335559739&quot;:0}\">\u00a0<\/span><\/li>\n<\/ul>\n<p><span data-ccp-props=\"{&quot;335551550&quot;:0,&quot;335551620&quot;:0}\">\u00a0<\/span><\/p>\n<ol start=\"2\">\n<li><b><span data-contrast=\"auto\"> Objeto y \u00e1mbito de aplicaci\u00f3n<\/span><\/b><\/li>\n<\/ol>\n<p><span data-contrast=\"auto\">El presente Aviso Legal regula el acceso y uso del sitio web mywin360.com (en adelante, \u00abel Sitio Web\u00bb), del que es titular THE HOOK, CREACI\u00d3N DIGITAL PERSONALIZADA, SL (en adelante, \u00abel Titular\u00bb).<\/span><span data-ccp-props=\"{&quot;134233117&quot;:false,&quot;134233118&quot;:false,&quot;335551550&quot;:0,&quot;335551620&quot;:0,&quot;335559738&quot;:240,&quot;335559739&quot;:240}\">\u00a0<\/span><\/p>\n<p><span data-contrast=\"auto\">El acceso al Sitio Web y el uso de sus contenidos implica la aceptaci\u00f3n plena y sin reservas de las condiciones establecidas en este Aviso Legal. El Titular se reserva el derecho a modificar, en cualquier momento y sin previo aviso, el contenido y la configuraci\u00f3n del Sitio Web, as\u00ed como las presentes condiciones.<\/span><span data-ccp-props=\"{&quot;134233117&quot;:false,&quot;134233118&quot;:false,&quot;335551550&quot;:0,&quot;335551620&quot;:0,&quot;335559738&quot;:240,&quot;335559739&quot;:240}\">\u00a0<\/span><\/p>\n<p><span data-ccp-props=\"{&quot;335551550&quot;:0,&quot;335551620&quot;:0}\">\u00a0<\/span><\/p>\n<ol start=\"3\">\n<li><b><span data-contrast=\"auto\"> Objeto del sitio web<\/span><\/b><\/li>\n<\/ol>\n<p><span data-contrast=\"auto\">mywin360.com es una plataforma digital de contenidos informativos y comparativa de apuestas deportivas. Sus contenidos incluyen pron\u00f3sticos, comparativa de cuotas, informaci\u00f3n sobre casas de apuestas, bonos y promociones, resultados en directo y contenidos formativos relacionados con el mundo de las apuestas deportivas.<\/span><span data-ccp-props=\"{&quot;134233117&quot;:false,&quot;134233118&quot;:false,&quot;335551550&quot;:0,&quot;335551620&quot;:0,&quot;335559738&quot;:240,&quot;335559739&quot;:240}\">\u00a0<\/span><\/p>\n<p><span data-contrast=\"auto\">El Sitio Web no opera como casa de apuestas ni acepta dep\u00f3sitos o apuestas de ning\u00fan tipo. Los enlaces hacia operadores son de car\u00e1cter referencial y pueden estar sujetos a relaciones de afiliaci\u00f3n.<\/span><span data-ccp-props=\"{&quot;134233117&quot;:false,&quot;134233118&quot;:false,&quot;335551550&quot;:0,&quot;335551620&quot;:0,&quot;335559738&quot;:240,&quot;335559739&quot;:240}\">\u00a0<\/span><\/p>\n<p><span data-ccp-props=\"{&quot;335551550&quot;:0,&quot;335551620&quot;:0}\">\u00a0<\/span><\/p>\n<ol start=\"4\">\n<li><b><span data-contrast=\"auto\"> Condiciones de acceso y uso<\/span><\/b><\/li>\n<\/ol>\n<p><span data-contrast=\"auto\">El acceso al Sitio Web es gratuito. El usuario se compromete a hacer un uso adecuado de los contenidos y servicios ofrecidos, y a no emplearlos para actividades il\u00edcitas, contrarias a la buena fe o al ordenamiento jur\u00eddico vigente.<\/span><span data-ccp-props=\"{&quot;134233117&quot;:false,&quot;134233118&quot;:false,&quot;335551550&quot;:0,&quot;335551620&quot;:0,&quot;335559738&quot;:240,&quot;335559739&quot;:240}\">\u00a0<\/span><\/p>\n<p><b><span data-contrast=\"auto\">Acceso de menores.<\/span><\/b><span data-contrast=\"auto\">\u00a0Los contenidos relacionados con apuestas deportivas est\u00e1n destinados exclusivamente a personas mayores de 18 a\u00f1os. El Titular no se hace responsable del acceso de menores al Sitio Web cuando este se produzca sin el conocimiento o consentimiento de sus tutores legales.<\/span><span data-ccp-props=\"{&quot;134233117&quot;:false,&quot;134233118&quot;:false,&quot;335551550&quot;:0,&quot;335551620&quot;:0,&quot;335559738&quot;:240,&quot;335559739&quot;:240}\">\u00a0<\/span><\/p>\n<p><span data-ccp-props=\"{&quot;335551550&quot;:0,&quot;335551620&quot;:0}\">\u00a0<\/span><\/p>\n<ol start=\"5\">\n<li><b><span data-contrast=\"auto\"> Propiedad intelectual e industrial<\/span><\/b><\/li>\n<\/ol>\n<p><span data-contrast=\"auto\">Todos los contenidos del Sitio Web \u2014incluyendo, sin car\u00e1cter limitativo, textos, im\u00e1genes, logotipos, gr\u00e1ficos, dise\u00f1o, c\u00f3digo fuente y estructura\u2014 son titularidad del Titular o de terceros que han autorizado su uso, y est\u00e1n protegidos por la legislaci\u00f3n espa\u00f1ola e internacional en materia de propiedad intelectual e industrial.<\/span><span data-ccp-props=\"{&quot;134233117&quot;:false,&quot;134233118&quot;:false,&quot;335551550&quot;:0,&quot;335551620&quot;:0,&quot;335559738&quot;:240,&quot;335559739&quot;:240}\">\u00a0<\/span><\/p>\n<p><span data-contrast=\"auto\">Queda expresamente prohibida la reproducci\u00f3n, distribuci\u00f3n, comunicaci\u00f3n p\u00fablica o transformaci\u00f3n de dichos contenidos sin autorizaci\u00f3n expresa y por escrito del Titular. El uso de los contenidos del Sitio Web para fines comerciales sin dicha autorizaci\u00f3n podr\u00e1 dar lugar a las acciones legales correspondientes.<\/span><span data-ccp-props=\"{&quot;134233117&quot;:false,&quot;134233118&quot;:false,&quot;335551550&quot;:0,&quot;335551620&quot;:0,&quot;335559738&quot;:240,&quot;335559739&quot;:240}\">\u00a0<\/span><\/p>\n<p><span data-ccp-props=\"{&quot;335551550&quot;:0,&quot;335551620&quot;:0}\">\u00a0<\/span><\/p>\n<ol start=\"6\">\n<li><b><span data-contrast=\"auto\"> Responsabilidad<\/span><\/b><\/li>\n<\/ol>\n<p><span data-contrast=\"auto\">El Titular no garantiza la disponibilidad continua e ininterrumpida del Sitio Web y no se hace responsable de los da\u00f1os o perjuicios que pudieran derivarse de interrupciones, fallos t\u00e9cnicos o accesos no autorizados al sistema.<\/span><span data-ccp-props=\"{&quot;134233117&quot;:false,&quot;134233118&quot;:false,&quot;335551550&quot;:0,&quot;335551620&quot;:0,&quot;335559738&quot;:240,&quot;335559739&quot;:240}\">\u00a0<\/span><\/p>\n<p><span data-contrast=\"auto\">Los contenidos del Sitio Web tienen car\u00e1cter meramente informativo. Los pron\u00f3sticos y an\u00e1lisis publicados no constituyen asesoramiento financiero ni garant\u00eda de resultado. El usuario asume en exclusiva la responsabilidad de las decisiones que tome en base a la informaci\u00f3n consultada.<\/span><span data-ccp-props=\"{&quot;134233117&quot;:false,&quot;134233118&quot;:false,&quot;335551550&quot;:0,&quot;335551620&quot;:0,&quot;335559738&quot;:240,&quot;335559739&quot;:240}\">\u00a0<\/span><\/p>\n<p><span data-contrast=\"auto\">El Titular no se responsabiliza de los contenidos, condiciones o pr\u00e1cticas de los sitios web de terceros a los que el Sitio Web pueda enlazar.<\/span><span data-ccp-props=\"{&quot;134233117&quot;:false,&quot;134233118&quot;:false,&quot;335551550&quot;:0,&quot;335551620&quot;:0,&quot;335559738&quot;:240,&quot;335559739&quot;:240}\">\u00a0<\/span><\/p>\n<p><span data-ccp-props=\"{&quot;335551550&quot;:0,&quot;335551620&quot;:0}\">\u00a0<\/span><\/p>\n<ol start=\"7\">\n<li><b><span data-contrast=\"auto\"> Legislaci\u00f3n aplicable y jurisdicci\u00f3n<\/span><\/b><\/li>\n<\/ol>\n<p><span data-contrast=\"auto\">El presente Aviso Legal se rige por la legislaci\u00f3n espa\u00f1ola vigente. Para la resoluci\u00f3n de cualquier controversia derivada del acceso o uso del Sitio Web, las partes se someten, con renuncia expresa a cualquier otro fuero que pudiera corresponderles, a los Juzgados y Tribunales de la ciudad de Madrid.<\/span><span data-ccp-props=\"{&quot;134233117&quot;:false,&quot;134233118&quot;:false,&quot;335551550&quot;:0,&quot;335551620&quot;:0,&quot;335559738&quot;:240,&quot;335559739&quot;:240}\">\u00a0<\/span><\/p>\n<p><span data-ccp-props=\"{&quot;335551550&quot;:0,&quot;335551620&quot;:0}\">\u00a0<\/span><\/p>\n<p><b><span data-contrast=\"auto\">\u00daltima actualizaci\u00f3n:<\/span><\/b><span data-contrast=\"auto\">\u00a0mayo de 2026<\/span><span data-ccp-props=\"{&quot;134233117&quot;:false,&quot;134233118&quot;:false,&quot;335551550&quot;:2,&quot;335551620&quot;:2,&quot;335559738&quot;:240,&quot;335559739&quot;:240}\">\u00a0<\/span><\/p>\n","protected":false},"excerpt":{"rendered":"<p>Datos identificativos del titular En cumplimiento de lo establecido en el art\u00edculo 10 de la Ley 34\/2002, de 11 de julio, de Servicios de la Sociedad de la Informaci\u00f3n y de Comercio Electr\u00f3nico (LSSI-CE), se informa de que el presente sitio web es titularidad de:\u00a0 Denominaci\u00f3n social:\u00a0THE HOOK, CREACI\u00d3N DIGITAL PERSONALIZADA, SL\u00a0 CIF:\u00a0B-88167994\u00a0 Domicilio social:\u00a0Calle [&hellip;]<\/p>\n","protected":false},"author":3,"featured_media":0,"parent":0,"menu_order":0,"comment_status":"closed","ping_status":"closed","template":"","meta":{"_acf_changed":false,"inline_featured_image":false,"footnotes":""},"class_list":["post-314","page","type-page","status-publish","hentry"],"acf":[],"yoast_head":"<!-- This site is optimized with the Yoast SEO plugin v27.4 - https:\/\/yoast.com\/product\/yoast-seo-wordpress\/ -->\n<title>Avisos legales - MYWIN360 Espa\u00f1a<\/title>\n<meta name=\"robots\" content=\"index, follow, max-snippet:-1, max-image-preview:large, max-video-preview:-1\" \/>\n<link rel=\"canonical\" href=\"https:\/\/wordpress-mywind360.qa-bit.dev\/es\/avisos-legales\/\" \/>\n<meta property=\"og:locale\" content=\"es_ES\" \/>\n<meta property=\"og:type\" content=\"article\" \/>\n<meta property=\"og:title\" content=\"Avisos legales - MYWIN360 Espa\u00f1a\" \/>\n<meta property=\"og:description\" content=\"Datos identificativos del titular En cumplimiento de lo establecido en el art\u00edculo 10 de la Ley 34\/2002, de 11 de julio, de Servicios de la Sociedad de la Informaci\u00f3n y de Comercio Electr\u00f3nico (LSSI-CE), se informa de que el presente sitio web es titularidad de:\u00a0 Denominaci\u00f3n social:\u00a0THE HOOK, CREACI\u00d3N DIGITAL PERSONALIZADA, SL\u00a0 CIF:\u00a0B-88167994\u00a0 Domicilio social:\u00a0Calle [&hellip;]\" \/>\n<meta property=\"og:url\" content=\"https:\/\/wordpress-mywind360.qa-bit.dev\/es\/avisos-legales\/\" \/>\n<meta property=\"og:site_name\" content=\"MYWIN360 Espa\u00f1a\" \/>\n<meta name=\"twitter:card\" content=\"summary_large_image\" \/>\n<meta name=\"twitter:label1\" content=\"Tiempo de lectura\" \/>\n\t<meta name=\"twitter:data1\" content=\"3 minutos\" \/>\n<script type=\"application\/ld+json\" class=\"yoast-schema-graph\">{\"@context\":\"https:\\\/\\\/schema.org\",\"@graph\":[{\"@type\":\"WebPage\",\"@id\":\"https:\\\/\\\/wordpress-mywind360.qa-bit.dev\\\/es\\\/avisos-legales\\\/\",\"url\":\"https:\\\/\\\/wordpress-mywind360.qa-bit.dev\\\/es\\\/avisos-legales\\\/\",\"name\":\"Avisos legales - MYWIN360 Espa\u00f1a\",\"isPartOf\":{\"@id\":\"https:\\\/\\\/wordpress-mywind360.qa-bit.dev\\\/es\\\/#website\"},\"datePublished\":\"2026-04-16T09:12:18+00:00\",\"breadcrumb\":{\"@id\":\"https:\\\/\\\/wordpress-mywind360.qa-bit.dev\\\/es\\\/avisos-legales\\\/#breadcrumb\"},\"inLanguage\":\"es\",\"potentialAction\":[{\"@type\":\"ReadAction\",\"target\":[\"https:\\\/\\\/wordpress-mywind360.qa-bit.dev\\\/es\\\/avisos-legales\\\/\"]}]},{\"@type\":\"BreadcrumbList\",\"@id\":\"https:\\\/\\\/wordpress-mywind360.qa-bit.dev\\\/es\\\/avisos-legales\\\/#breadcrumb\",\"itemListElement\":[{\"@type\":\"ListItem\",\"position\":1,\"name\":\"Portada\",\"item\":\"https:\\\/\\\/wordpress-mywind360.qa-bit.dev\\\/es\\\/\"},{\"@type\":\"ListItem\",\"position\":2,\"name\":\"Avisos legales\"}]},{\"@type\":\"WebSite\",\"@id\":\"https:\\\/\\\/wordpress-mywind360.qa-bit.dev\\\/es\\\/#website\",\"url\":\"https:\\\/\\\/wordpress-mywind360.qa-bit.dev\\\/es\\\/\",\"name\":\"MYWIN360 Espa\u00f1a\",\"description\":\"\",\"potentialAction\":[{\"@type\":\"SearchAction\",\"target\":{\"@type\":\"EntryPoint\",\"urlTemplate\":\"https:\\\/\\\/wordpress-mywind360.qa-bit.dev\\\/es\\\/?s={search_term_string}\"},\"query-input\":{\"@type\":\"PropertyValueSpecification\",\"valueRequired\":true,\"valueName\":\"search_term_string\"}}],\"inLanguage\":\"es\"}]}<\/script>\n<!-- \/ Yoast SEO plugin. -->","yoast_head_json":{"title":"Avisos legales - MYWIN360 Espa\u00f1a","robots":{"index":"index","follow":"follow","max-snippet":"max-snippet:-1","max-image-preview":"max-image-preview:large","max-video-preview":"max-video-preview:-1"},"canonical":"https:\/\/wordpress-mywind360.qa-bit.dev\/es\/avisos-legales\/","og_locale":"es_ES","og_type":"article","og_title":"Avisos legales - MYWIN360 Espa\u00f1a","og_description":"Datos identificativos del titular En cumplimiento de lo establecido en el art\u00edculo 10 de la Ley 34\/2002, de 11 de julio, de Servicios de la Sociedad de la Informaci\u00f3n y de Comercio Electr\u00f3nico (LSSI-CE), se informa de que el presente sitio web es titularidad de:\u00a0 Denominaci\u00f3n social:\u00a0THE HOOK, CREACI\u00d3N DIGITAL PERSONALIZADA, SL\u00a0 CIF:\u00a0B-88167994\u00a0 Domicilio social:\u00a0Calle [&hellip;]","og_url":"https:\/\/wordpress-mywind360.qa-bit.dev\/es\/avisos-legales\/","og_site_name":"MYWIN360 Espa\u00f1a","twitter_card":"summary_large_image","twitter_misc":{"Tiempo de lectura":"3 minutos"},"schema":{"@context":"https:\/\/schema.org","@graph":[{"@type":"WebPage","@id":"https:\/\/wordpress-mywind360.qa-bit.dev\/es\/avisos-legales\/","url":"https:\/\/wordpress-mywind360.qa-bit.dev\/es\/avisos-legales\/","name":"Avisos legales - MYWIN360 Espa\u00f1a","isPartOf":{"@id":"https:\/\/wordpress-mywind360.qa-bit.dev\/es\/#website"},"datePublished":"2026-04-16T09:12:18+00:00","breadcrumb":{"@id":"https:\/\/wordpress-mywind360.qa-bit.dev\/es\/avisos-legales\/#breadcrumb"},"inLanguage":"es","potentialAction":[{"@type":"ReadAction","target":["https:\/\/wordpress-mywind360.qa-bit.dev\/es\/avisos-legales\/"]}]},{"@type":"BreadcrumbList","@id":"https:\/\/wordpress-mywind360.qa-bit.dev\/es\/avisos-legales\/#breadcrumb","itemListElement":[{"@type":"ListItem","position":1,"name":"Portada","item":"https:\/\/wordpress-mywind360.qa-bit.dev\/es\/"},{"@type":"ListItem","position":2,"name":"Avisos legales"}]},{"@type":"WebSite","@id":"https:\/\/wordpress-mywind360.qa-bit.dev\/es\/#website","url":"https:\/\/wordpress-mywind360.qa-bit.dev\/es\/","name":"MYWIN360 Espa\u00f1a","description":"","potentialAction":[{"@type":"SearchAction","target":{"@type":"EntryPoint","urlTemplate":"https:\/\/wordpress-mywind360.qa-bit.dev\/es\/?s={search_term_string}"},"query-input":{"@type":"PropertyValueSpecification","valueRequired":true,"valueName":"search_term_string"}}],"inLanguage":"es"}]}},"_links":{"self":[{"href":"https:\/\/wordpress-mywind360.qa-bit.dev\/es\/wp-json\/wp\/v2\/pages\/314","targetHints":{"allow":["GET"]}}],"collection":[{"href":"https:\/\/wordpress-mywind360.qa-bit.dev\/es\/wp-json\/wp\/v2\/pages"}],"about":[{"href":"https:\/\/wordpress-mywind360.qa-bit.dev\/es\/wp-json\/wp\/v2\/types\/page"}],"author":[{"embeddable":true,"href":"https:\/\/wordpress-mywind360.qa-bit.dev\/es\/wp-json\/wp\/v2\/users\/3"}],"replies":[{"embeddable":true,"href":"https:\/\/wordpress-mywind360.qa-bit.dev\/es\/wp-json\/wp\/v2\/comments?post=314"}],"version-history":[{"count":1,"href":"https:\/\/wordpress-mywind360.qa-bit.dev\/es\/wp-json\/wp\/v2\/pages\/314\/revisions"}],"predecessor-version":[{"id":315,"href":"https:\/\/wordpress-mywind360.qa-bit.dev\/es\/wp-json\/wp\/v2\/pages\/314\/revisions\/315"}],"wp:attachment":[{"href":"https:\/\/wordpress-mywind360.qa-bit.dev\/es\/wp-json\/wp\/v2\/media?parent=314"}],"curies":[{"name":"wp","href":"https:\/\/api.w.org\/{rel}","templated":true}]}}