{"id":311,"date":"2026-04-16T10:37:21","date_gmt":"2026-04-16T08:37:21","guid":{"rendered":"https:\/\/wordpress-mywind360.qa-bit.dev\/es\/?page_id=311"},"modified":"2026-04-16T10:37:21","modified_gmt":"2026-04-16T08:37:21","slug":"juego-responsable","status":"publish","type":"page","link":"https:\/\/wordpress-mywind360.qa-bit.dev\/es\/juego-responsable\/","title":{"rendered":"Juego responsable"},"content":{"rendered":"<div class=\"wordp-before-content wordp-entity-placement\" id=\"wordp-743930648\"><div id=\"wordp-1246805315\" style=\"margin-left: auto;margin-right: auto;text-align: center;\"><a href=\"https:\/\/www.bet365.es\/#\/HO\/\" aria-label=\"image 28 (1)\"><img loading=\"lazy\" decoding=\"async\" src=\"https:\/\/wordpress-mywind360.qa-bit.dev\/es\/wp-content\/uploads\/sites\/2\/2026\/04\/image-28-1.png\" alt=\"\"  srcset=\"https:\/\/wordpress-mywind360.qa-bit.dev\/es\/wp-content\/uploads\/sites\/2\/2026\/04\/image-28-1.png 315w, https:\/\/wordpress-mywind360.qa-bit.dev\/es\/wp-content\/uploads\/sites\/2\/2026\/04\/image-28-1-150x300.png 150w\" sizes=\"(max-width: 315px) 100vw, 315px\" width=\"315\" height=\"630\"  style=\"display: inline-block;\" \/><\/a><\/div><\/div><p class=\"font-claude-response-body break-words whitespace-normal leading-[1.7]\"><strong>El juego debe ser entretenimiento, no un problema<\/strong><\/p>\n<p class=\"font-claude-response-body break-words whitespace-normal leading-[1.7]\">Apostar puede ser una forma de ocio, pero tambi\u00e9n puede convertirse en un problema si no se gestiona con responsabilidad. En esta p\u00e1gina encontrar\u00e1s informaci\u00f3n, herramientas y recursos para jugar de forma segura y controlada.<\/p>\n<p class=\"font-claude-response-body break-words whitespace-normal leading-[1.7]\"><strong>Prohibido para menores de 18 a\u00f1os.<\/strong> El acceso a juegos de azar con dinero real est\u00e1 legalmente restringido a personas mayores de 18 a\u00f1os en Espa\u00f1a.<\/p>\n<hr class=\"border-border-200 border-t-0.5 my-3 mx-1.5\" \/>\n<p class=\"font-claude-response-body break-words whitespace-normal leading-[1.7]\"><strong>HERRAMIENTAS DE CONTROL<\/strong><\/p>\n<p class=\"font-claude-response-body break-words whitespace-normal leading-[1.7]\">Desde tu \u00e1rea de cliente puedes activar en cualquier momento:<\/p>\n<ul class=\"[li_&amp;]:mb-0 [li_&amp;]:mt-1 [li_&amp;]:gap-1 [&amp;:not(:last-child)_ul]:pb-1 [&amp;:not(:last-child)_ol]:pb-1 list-disc flex flex-col gap-1 pl-8 mb-3\">\n<li class=\"whitespace-normal break-words pl-2\"><strong>L\u00edmite de dep\u00f3sito.<\/strong> Establece un tope diario, semanal o mensual sobre el dinero que puedes ingresar en tu cuenta.<\/li>\n<li class=\"whitespace-normal break-words pl-2\"><strong>L\u00edmite de sesi\u00f3n.<\/strong> Controla el tiempo m\u00e1ximo que puedes estar jugando en cada sesi\u00f3n.<\/li>\n<li class=\"whitespace-normal break-words pl-2\"><strong>L\u00edmite de p\u00e9rdidas.<\/strong> Fija una cantidad m\u00e1xima de p\u00e9rdida acumulada en un per\u00edodo determinado.<\/li>\n<li class=\"whitespace-normal break-words pl-2\"><strong>Autoexclusi\u00f3n temporal.<\/strong> Bloquea el acceso a tu cuenta durante un m\u00ednimo de 30 d\u00edas.<\/li>\n<li class=\"whitespace-normal break-words pl-2\"><strong>Autoexclusi\u00f3n indefinida.<\/strong> Cierre permanente de la cuenta a petici\u00f3n del usuario.<\/li>\n<\/ul>\n<p class=\"font-claude-response-body break-words whitespace-normal leading-[1.7]\">Adem\u00e1s, puedes inscribirte en el <strong>Registro General de Interdicciones de Acceso al Juego (RGIAJ)<\/strong>, gestionado por la DGOJ, que te excluye de todos los operadores con licencia en Espa\u00f1a.<\/p>\n<hr class=\"border-border-200 border-t-0.5 my-3 mx-1.5\" \/>\n<p class=\"font-claude-response-body break-words whitespace-normal leading-[1.7]\"><strong>SE\u00d1ALES DE ALERTA<\/strong><\/p>\n<p class=\"font-claude-response-body break-words whitespace-normal leading-[1.7]\">Es importante reconocer cu\u00e1ndo el juego puede estar dejando de ser un entretenimiento:<\/p>\n<ul class=\"[li_&amp;]:mb-0 [li_&amp;]:mt-1 [li_&amp;]:gap-1 [&amp;:not(:last-child)_ul]:pb-1 [&amp;:not(:last-child)_ol]:pb-1 list-disc flex flex-col gap-1 pl-8 mb-3\">\n<li class=\"whitespace-normal break-words pl-2\">Jugar con dinero destinado a gastos esenciales<\/li>\n<li class=\"whitespace-normal break-words pl-2\">Intentar recuperar p\u00e9rdidas aumentando las apuestas<\/li>\n<li class=\"whitespace-normal break-words pl-2\">Mentir sobre el tiempo o el dinero dedicado al juego<\/li>\n<li class=\"whitespace-normal break-words pl-2\">Descuidar el trabajo, los estudios o las relaciones personales<\/li>\n<li class=\"whitespace-normal break-words pl-2\">Sentir malestar o irritabilidad cuando no se puede jugar<\/li>\n<li class=\"whitespace-normal break-words pl-2\">Pensar de forma recurrente en el pr\u00f3ximo juego<\/li>\n<li class=\"whitespace-normal break-words pl-2\">Pedir dinero prestado para apostar<\/li>\n<li class=\"whitespace-normal break-words pl-2\">Sentir culpa o verg\u00fcenza despu\u00e9s de jugar<\/li>\n<\/ul>\n<hr class=\"border-border-200 border-t-0.5 my-3 mx-1.5\" \/>\n<p class=\"font-claude-response-body break-words whitespace-normal leading-[1.7]\"><strong>D\u00d3NDE PEDIR AYUDA<\/strong><\/p>\n<p class=\"font-claude-response-body break-words whitespace-normal leading-[1.7]\">Si crees que el juego est\u00e1 afectando tu vida o la de alguien cercano, estos recursos son gratuitos y confidenciales:<\/p>\n<ul class=\"[li_&amp;]:mb-0 [li_&amp;]:mt-1 [li_&amp;]:gap-1 [&amp;:not(:last-child)_ul]:pb-1 [&amp;:not(:last-child)_ol]:pb-1 list-disc flex flex-col gap-1 pl-8 mb-3\">\n<li class=\"whitespace-normal break-words pl-2\"><strong>Jugadores An\u00f3nimos Espa\u00f1a<\/strong> \u2014 <a href=\"https:\/\/www.jugadoresanonimos.org\/\" target=\"_blank\" rel=\"noopener\">jugadoresanonimos.org<\/a><\/li>\n<li class=\"whitespace-normal break-words pl-2\"><strong>Asociaci\u00f3n Espa\u00f1ola de Lud\u00f3patas (AEL)<\/strong> \u2014 <a href=\"http:\/\/aelludopatia.com\/\" target=\"_blank\" rel=\"noopener\">aelludopatia.com<\/a><\/li>\n<li class=\"whitespace-normal break-words pl-2\"><strong>Cruz Roja Espa\u00f1ola<\/strong> \u2014 <a href=\"https:\/\/www.cruzroja.es\/que-hacemos\/educacion\/y-ahora-que\/salud-8.html\" target=\"_blank\" rel=\"noopener\">cruzroja.es<\/a><\/li>\n<li class=\"whitespace-normal break-words pl-2\"><strong>Servicio de Atenci\u00f3n al Jugador \u00b7 DGOJ<\/strong> \u2014 <a href=\"https:\/\/ordenacionjuego.es\/\" target=\"_blank\" rel=\"noopener\">ordenacionjuego.es<\/a><\/li>\n<\/ul>\n<hr class=\"border-border-200 border-t-0.5 my-3 mx-1.5\" \/>\n<p class=\"font-claude-response-body break-words whitespace-normal leading-[1.7]\"><strong>AVISO LEGAL<\/strong><\/p>\n<p class=\"font-claude-response-body break-words whitespace-normal leading-[1.7]\">Esta p\u00e1gina cumple con la Ley 13\/2011 de regulaci\u00f3n del juego, la Orden ECD\/1626\/2013 y las directrices de la Direcci\u00f3n General de Ordenaci\u00f3n del Juego (DGOJ). El acceso al juego con dinero real est\u00e1 estrictamente prohibido a menores de 18 a\u00f1os.<\/p>\n","protected":false},"excerpt":{"rendered":"<p>El juego debe ser entretenimiento, no un problema Apostar puede ser una forma de ocio, pero tambi\u00e9n puede convertirse en un problema si no se gestiona con responsabilidad. En esta p\u00e1gina encontrar\u00e1s informaci\u00f3n, herramientas y recursos para jugar de forma segura y controlada. Prohibido para menores de 18 a\u00f1os. El acceso a juegos de azar [&hellip;]<\/p>\n","protected":false},"author":3,"featured_media":0,"parent":0,"menu_order":0,"comment_status":"closed","ping_status":"closed","template":"","meta":{"_acf_changed":false,"inline_featured_image":false,"footnotes":""},"class_list":["post-311","page","type-page","status-publish","hentry"],"acf":[],"yoast_head":"<!-- This site is optimized with the Yoast SEO plugin v27.4 - https:\/\/yoast.com\/product\/yoast-seo-wordpress\/ -->\n<title>Juego responsable - MYWIN360 Espa\u00f1a<\/title>\n<meta name=\"robots\" content=\"index, follow, max-snippet:-1, max-image-preview:large, max-video-preview:-1\" \/>\n<link rel=\"canonical\" href=\"https:\/\/wordpress-mywind360.qa-bit.dev\/es\/juego-responsable\/\" \/>\n<meta property=\"og:locale\" content=\"es_ES\" \/>\n<meta property=\"og:type\" content=\"article\" \/>\n<meta property=\"og:title\" content=\"Juego responsable - MYWIN360 Espa\u00f1a\" \/>\n<meta property=\"og:description\" content=\"El juego debe ser entretenimiento, no un problema Apostar puede ser una forma de ocio, pero tambi\u00e9n puede convertirse en un problema si no se gestiona con responsabilidad. En esta p\u00e1gina encontrar\u00e1s informaci\u00f3n, herramientas y recursos para jugar de forma segura y controlada. Prohibido para menores de 18 a\u00f1os. El acceso a juegos de azar [&hellip;]\" \/>\n<meta property=\"og:url\" content=\"https:\/\/wordpress-mywind360.qa-bit.dev\/es\/juego-responsable\/\" \/>\n<meta property=\"og:site_name\" content=\"MYWIN360 Espa\u00f1a\" \/>\n<meta name=\"twitter:card\" content=\"summary_large_image\" \/>\n<meta name=\"twitter:label1\" content=\"Tiempo de lectura\" \/>\n\t<meta name=\"twitter:data1\" content=\"2 minutos\" \/>\n<script type=\"application\/ld+json\" class=\"yoast-schema-graph\">{\"@context\":\"https:\\\/\\\/schema.org\",\"@graph\":[{\"@type\":\"WebPage\",\"@id\":\"https:\\\/\\\/wordpress-mywind360.qa-bit.dev\\\/es\\\/juego-responsable\\\/\",\"url\":\"https:\\\/\\\/wordpress-mywind360.qa-bit.dev\\\/es\\\/juego-responsable\\\/\",\"name\":\"Juego responsable - MYWIN360 Espa\u00f1a\",\"isPartOf\":{\"@id\":\"https:\\\/\\\/wordpress-mywind360.qa-bit.dev\\\/es\\\/#website\"},\"datePublished\":\"2026-04-16T08:37:21+00:00\",\"breadcrumb\":{\"@id\":\"https:\\\/\\\/wordpress-mywind360.qa-bit.dev\\\/es\\\/juego-responsable\\\/#breadcrumb\"},\"inLanguage\":\"es\",\"potentialAction\":[{\"@type\":\"ReadAction\",\"target\":[\"https:\\\/\\\/wordpress-mywind360.qa-bit.dev\\\/es\\\/juego-responsable\\\/\"]}]},{\"@type\":\"BreadcrumbList\",\"@id\":\"https:\\\/\\\/wordpress-mywind360.qa-bit.dev\\\/es\\\/juego-responsable\\\/#breadcrumb\",\"itemListElement\":[{\"@type\":\"ListItem\",\"position\":1,\"name\":\"Portada\",\"item\":\"https:\\\/\\\/wordpress-mywind360.qa-bit.dev\\\/es\\\/\"},{\"@type\":\"ListItem\",\"position\":2,\"name\":\"Juego responsable\"}]},{\"@type\":\"WebSite\",\"@id\":\"https:\\\/\\\/wordpress-mywind360.qa-bit.dev\\\/es\\\/#website\",\"url\":\"https:\\\/\\\/wordpress-mywind360.qa-bit.dev\\\/es\\\/\",\"name\":\"MYWIN360 Espa\u00f1a\",\"description\":\"\",\"potentialAction\":[{\"@type\":\"SearchAction\",\"target\":{\"@type\":\"EntryPoint\",\"urlTemplate\":\"https:\\\/\\\/wordpress-mywind360.qa-bit.dev\\\/es\\\/?s={search_term_string}\"},\"query-input\":{\"@type\":\"PropertyValueSpecification\",\"valueRequired\":true,\"valueName\":\"search_term_string\"}}],\"inLanguage\":\"es\"}]}<\/script>\n<!-- \/ Yoast SEO plugin. -->","yoast_head_json":{"title":"Juego responsable - MYWIN360 Espa\u00f1a","robots":{"index":"index","follow":"follow","max-snippet":"max-snippet:-1","max-image-preview":"max-image-preview:large","max-video-preview":"max-video-preview:-1"},"canonical":"https:\/\/wordpress-mywind360.qa-bit.dev\/es\/juego-responsable\/","og_locale":"es_ES","og_type":"article","og_title":"Juego responsable - MYWIN360 Espa\u00f1a","og_description":"El juego debe ser entretenimiento, no un problema Apostar puede ser una forma de ocio, pero tambi\u00e9n puede convertirse en un problema si no se gestiona con responsabilidad. En esta p\u00e1gina encontrar\u00e1s informaci\u00f3n, herramientas y recursos para jugar de forma segura y controlada. Prohibido para menores de 18 a\u00f1os. El acceso a juegos de azar [&hellip;]","og_url":"https:\/\/wordpress-mywind360.qa-bit.dev\/es\/juego-responsable\/","og_site_name":"MYWIN360 Espa\u00f1a","twitter_card":"summary_large_image","twitter_misc":{"Tiempo de lectura":"2 minutos"},"schema":{"@context":"https:\/\/schema.org","@graph":[{"@type":"WebPage","@id":"https:\/\/wordpress-mywind360.qa-bit.dev\/es\/juego-responsable\/","url":"https:\/\/wordpress-mywind360.qa-bit.dev\/es\/juego-responsable\/","name":"Juego responsable - MYWIN360 Espa\u00f1a","isPartOf":{"@id":"https:\/\/wordpress-mywind360.qa-bit.dev\/es\/#website"},"datePublished":"2026-04-16T08:37:21+00:00","breadcrumb":{"@id":"https:\/\/wordpress-mywind360.qa-bit.dev\/es\/juego-responsable\/#breadcrumb"},"inLanguage":"es","potentialAction":[{"@type":"ReadAction","target":["https:\/\/wordpress-mywind360.qa-bit.dev\/es\/juego-responsable\/"]}]},{"@type":"BreadcrumbList","@id":"https:\/\/wordpress-mywind360.qa-bit.dev\/es\/juego-responsable\/#breadcrumb","itemListElement":[{"@type":"ListItem","position":1,"name":"Portada","item":"https:\/\/wordpress-mywind360.qa-bit.dev\/es\/"},{"@type":"ListItem","position":2,"name":"Juego responsable"}]},{"@type":"WebSite","@id":"https:\/\/wordpress-mywind360.qa-bit.dev\/es\/#website","url":"https:\/\/wordpress-mywind360.qa-bit.dev\/es\/","name":"MYWIN360 Espa\u00f1a","description":"","potentialAction":[{"@type":"SearchAction","target":{"@type":"EntryPoint","urlTemplate":"https:\/\/wordpress-mywind360.qa-bit.dev\/es\/?s={search_term_string}"},"query-input":{"@type":"PropertyValueSpecification","valueRequired":true,"valueName":"search_term_string"}}],"inLanguage":"es"}]}},"_links":{"self":[{"href":"https:\/\/wordpress-mywind360.qa-bit.dev\/es\/wp-json\/wp\/v2\/pages\/311","targetHints":{"allow":["GET"]}}],"collection":[{"href":"https:\/\/wordpress-mywind360.qa-bit.dev\/es\/wp-json\/wp\/v2\/pages"}],"about":[{"href":"https:\/\/wordpress-mywind360.qa-bit.dev\/es\/wp-json\/wp\/v2\/types\/page"}],"author":[{"embeddable":true,"href":"https:\/\/wordpress-mywind360.qa-bit.dev\/es\/wp-json\/wp\/v2\/users\/3"}],"replies":[{"embeddable":true,"href":"https:\/\/wordpress-mywind360.qa-bit.dev\/es\/wp-json\/wp\/v2\/comments?post=311"}],"version-history":[{"count":1,"href":"https:\/\/wordpress-mywind360.qa-bit.dev\/es\/wp-json\/wp\/v2\/pages\/311\/revisions"}],"predecessor-version":[{"id":312,"href":"https:\/\/wordpress-mywind360.qa-bit.dev\/es\/wp-json\/wp\/v2\/pages\/311\/revisions\/312"}],"wp:attachment":[{"href":"https:\/\/wordpress-mywind360.qa-bit.dev\/es\/wp-json\/wp\/v2\/media?parent=311"}],"curies":[{"name":"wp","href":"https:\/\/api.w.org\/{rel}","templated":true}]}}