{"id":149,"date":"2026-03-26T15:52:56","date_gmt":"2026-03-26T14:52:56","guid":{"rendered":"https:\/\/wordpress-mywind360.qa-bit.dev\/es\/?page_id=149"},"modified":"2026-04-13T13:31:26","modified_gmt":"2026-04-13T11:31:26","slug":"glosario","status":"publish","type":"page","link":"https:\/\/wordpress-mywind360.qa-bit.dev\/es\/glosario\/","title":{"rendered":"Glosario"},"content":{"rendered":"<div class=\"wordp-before-content wordp-entity-placement\" id=\"wordp-3139164945\"><div id=\"wordp-1579667700\" style=\"margin-left: auto;margin-right: auto;text-align: center;\"><a href=\"https:\/\/www.bet365.es\/#\/HO\/\" aria-label=\"image 28 (1)\"><img loading=\"lazy\" decoding=\"async\" src=\"https:\/\/wordpress-mywind360.qa-bit.dev\/es\/wp-content\/uploads\/sites\/2\/2026\/04\/image-28-1.png\" alt=\"\"  srcset=\"https:\/\/wordpress-mywind360.qa-bit.dev\/es\/wp-content\/uploads\/sites\/2\/2026\/04\/image-28-1.png 315w, https:\/\/wordpress-mywind360.qa-bit.dev\/es\/wp-content\/uploads\/sites\/2\/2026\/04\/image-28-1-150x300.png 150w\" sizes=\"(max-width: 315px) 100vw, 315px\" width=\"315\" height=\"630\"  style=\"display: inline-block;\" \/><\/a><\/div><\/div>","protected":false},"excerpt":{"rendered":"","protected":false},"author":1,"featured_media":0,"parent":0,"menu_order":0,"comment_status":"closed","ping_status":"closed","template":"archive-glossary.php","meta":{"_acf_changed":false,"inline_featured_image":false,"footnotes":""},"class_list":["post-149","page","type-page","status-publish","hentry"],"acf":[],"yoast_head":"<!-- This site is optimized with the Yoast SEO plugin v27.3 - https:\/\/yoast.com\/product\/yoast-seo-wordpress\/ -->\n<title>Glosario de apuestas deportivas. \u00a1Aprende a apostar!<\/title>\n<meta name=\"description\" content=\"Aprende los t\u00e9rminos de apuestas deportivas: cuotas, bonos, casas de apuestas y conceptos b\u00e1sicos para entender c\u00f3mo apostar.\" \/>\n<meta name=\"robots\" content=\"index, follow, max-snippet:-1, max-image-preview:large, max-video-preview:-1\" \/>\n<link rel=\"canonical\" href=\"https:\/\/wordpress-mywind360.qa-bit.dev\/es\/glosario\/\" \/>\n<meta property=\"og:locale\" content=\"es_ES\" \/>\n<meta property=\"og:type\" content=\"article\" \/>\n<meta property=\"og:title\" content=\"Glosario de apuestas deportivas. \u00a1Aprende a apostar!\" \/>\n<meta property=\"og:description\" content=\"Aprende los t\u00e9rminos de apuestas deportivas: cuotas, bonos, casas de apuestas y conceptos b\u00e1sicos para entender c\u00f3mo apostar.\" \/>\n<meta property=\"og:url\" content=\"https:\/\/wordpress-mywind360.qa-bit.dev\/es\/glosario\/\" \/>\n<meta property=\"og:site_name\" content=\"MYWIN360 Espa\u00f1a\" \/>\n<meta property=\"article:modified_time\" content=\"2026-04-13T11:31:26+00:00\" \/>\n<meta name=\"twitter:card\" content=\"summary_large_image\" \/>\n<script type=\"application\/ld+json\" class=\"yoast-schema-graph\">{\"@context\":\"https:\\\/\\\/schema.org\",\"@graph\":[{\"@type\":\"WebPage\",\"@id\":\"https:\\\/\\\/wordpress-mywind360.qa-bit.dev\\\/es\\\/glosario\\\/\",\"url\":\"https:\\\/\\\/wordpress-mywind360.qa-bit.dev\\\/es\\\/glosario\\\/\",\"name\":\"Glosario de apuestas deportivas. \u00a1Aprende a apostar!\",\"isPartOf\":{\"@id\":\"https:\\\/\\\/wordpress-mywind360.qa-bit.dev\\\/es\\\/#website\"},\"datePublished\":\"2026-03-26T14:52:56+00:00\",\"dateModified\":\"2026-04-13T11:31:26+00:00\",\"description\":\"Aprende los t\u00e9rminos de apuestas deportivas: cuotas, bonos, casas de apuestas y conceptos b\u00e1sicos para entender c\u00f3mo apostar.\",\"breadcrumb\":{\"@id\":\"https:\\\/\\\/wordpress-mywind360.qa-bit.dev\\\/es\\\/glosario\\\/#breadcrumb\"},\"inLanguage\":\"es\",\"potentialAction\":[{\"@type\":\"ReadAction\",\"target\":[\"https:\\\/\\\/wordpress-mywind360.qa-bit.dev\\\/es\\\/glosario\\\/\"]}]},{\"@type\":\"BreadcrumbList\",\"@id\":\"https:\\\/\\\/wordpress-mywind360.qa-bit.dev\\\/es\\\/glosario\\\/#breadcrumb\",\"itemListElement\":[{\"@type\":\"ListItem\",\"position\":1,\"name\":\"Portada\",\"item\":\"https:\\\/\\\/wordpress-mywind360.qa-bit.dev\\\/es\\\/\"},{\"@type\":\"ListItem\",\"position\":2,\"name\":\"Glosario\"}]},{\"@type\":\"WebSite\",\"@id\":\"https:\\\/\\\/wordpress-mywind360.qa-bit.dev\\\/es\\\/#website\",\"url\":\"https:\\\/\\\/wordpress-mywind360.qa-bit.dev\\\/es\\\/\",\"name\":\"MYWIN360 Espa\u00f1a\",\"description\":\"\",\"potentialAction\":[{\"@type\":\"SearchAction\",\"target\":{\"@type\":\"EntryPoint\",\"urlTemplate\":\"https:\\\/\\\/wordpress-mywind360.qa-bit.dev\\\/es\\\/?s={search_term_string}\"},\"query-input\":{\"@type\":\"PropertyValueSpecification\",\"valueRequired\":true,\"valueName\":\"search_term_string\"}}],\"inLanguage\":\"es\"}]}<\/script>\n<!-- \/ Yoast SEO plugin. -->","yoast_head_json":{"title":"Glosario de apuestas deportivas. \u00a1Aprende a apostar!","description":"Aprende los t\u00e9rminos de apuestas deportivas: cuotas, bonos, casas de apuestas y conceptos b\u00e1sicos para entender c\u00f3mo apostar.","robots":{"index":"index","follow":"follow","max-snippet":"max-snippet:-1","max-image-preview":"max-image-preview:large","max-video-preview":"max-video-preview:-1"},"canonical":"https:\/\/wordpress-mywind360.qa-bit.dev\/es\/glosario\/","og_locale":"es_ES","og_type":"article","og_title":"Glosario de apuestas deportivas. \u00a1Aprende a apostar!","og_description":"Aprende los t\u00e9rminos de apuestas deportivas: cuotas, bonos, casas de apuestas y conceptos b\u00e1sicos para entender c\u00f3mo apostar.","og_url":"https:\/\/wordpress-mywind360.qa-bit.dev\/es\/glosario\/","og_site_name":"MYWIN360 Espa\u00f1a","article_modified_time":"2026-04-13T11:31:26+00:00","twitter_card":"summary_large_image","schema":{"@context":"https:\/\/schema.org","@graph":[{"@type":"WebPage","@id":"https:\/\/wordpress-mywind360.qa-bit.dev\/es\/glosario\/","url":"https:\/\/wordpress-mywind360.qa-bit.dev\/es\/glosario\/","name":"Glosario de apuestas deportivas. \u00a1Aprende a apostar!","isPartOf":{"@id":"https:\/\/wordpress-mywind360.qa-bit.dev\/es\/#website"},"datePublished":"2026-03-26T14:52:56+00:00","dateModified":"2026-04-13T11:31:26+00:00","description":"Aprende los t\u00e9rminos de apuestas deportivas: cuotas, bonos, casas de apuestas y conceptos b\u00e1sicos para entender c\u00f3mo apostar.","breadcrumb":{"@id":"https:\/\/wordpress-mywind360.qa-bit.dev\/es\/glosario\/#breadcrumb"},"inLanguage":"es","potentialAction":[{"@type":"ReadAction","target":["https:\/\/wordpress-mywind360.qa-bit.dev\/es\/glosario\/"]}]},{"@type":"BreadcrumbList","@id":"https:\/\/wordpress-mywind360.qa-bit.dev\/es\/glosario\/#breadcrumb","itemListElement":[{"@type":"ListItem","position":1,"name":"Portada","item":"https:\/\/wordpress-mywind360.qa-bit.dev\/es\/"},{"@type":"ListItem","position":2,"name":"Glosario"}]},{"@type":"WebSite","@id":"https:\/\/wordpress-mywind360.qa-bit.dev\/es\/#website","url":"https:\/\/wordpress-mywind360.qa-bit.dev\/es\/","name":"MYWIN360 Espa\u00f1a","description":"","potentialAction":[{"@type":"SearchAction","target":{"@type":"EntryPoint","urlTemplate":"https:\/\/wordpress-mywind360.qa-bit.dev\/es\/?s={search_term_string}"},"query-input":{"@type":"PropertyValueSpecification","valueRequired":true,"valueName":"search_term_string"}}],"inLanguage":"es"}]}},"_links":{"self":[{"href":"https:\/\/wordpress-mywind360.qa-bit.dev\/es\/wp-json\/wp\/v2\/pages\/149","targetHints":{"allow":["GET"]}}],"collection":[{"href":"https:\/\/wordpress-mywind360.qa-bit.dev\/es\/wp-json\/wp\/v2\/pages"}],"about":[{"href":"https:\/\/wordpress-mywind360.qa-bit.dev\/es\/wp-json\/wp\/v2\/types\/page"}],"author":[{"embeddable":true,"href":"https:\/\/wordpress-mywind360.qa-bit.dev\/es\/wp-json\/wp\/v2\/users\/1"}],"replies":[{"embeddable":true,"href":"https:\/\/wordpress-mywind360.qa-bit.dev\/es\/wp-json\/wp\/v2\/comments?post=149"}],"version-history":[{"count":1,"href":"https:\/\/wordpress-mywind360.qa-bit.dev\/es\/wp-json\/wp\/v2\/pages\/149\/revisions"}],"predecessor-version":[{"id":150,"href":"https:\/\/wordpress-mywind360.qa-bit.dev\/es\/wp-json\/wp\/v2\/pages\/149\/revisions\/150"}],"wp:attachment":[{"href":"https:\/\/wordpress-mywind360.qa-bit.dev\/es\/wp-json\/wp\/v2\/media?parent=149"}],"curies":[{"name":"wp","href":"https:\/\/api.w.org\/{rel}","templated":true}]}}