{"id":129,"date":"2026-03-26T01:34:30","date_gmt":"2026-03-26T00:34:30","guid":{"rendered":"https:\/\/wordpress-mywind360.qa-bit.dev\/es\/?page_id=129"},"modified":"2026-04-13T12:20:29","modified_gmt":"2026-04-13T10:20:29","slug":"cuotas","status":"publish","type":"page","link":"https:\/\/wordpress-mywind360.qa-bit.dev\/es\/cuotas\/","title":{"rendered":"Cuotas"},"content":{"rendered":"<div class=\"wordp-before-content wordp-entity-placement\" id=\"wordp-2889663233\"><div id=\"wordp-3909635946\" style=\"margin-left: auto;margin-right: auto;text-align: center;\"><a href=\"https:\/\/www.bet365.es\/#\/HO\/\" aria-label=\"image 28 (1)\"><img loading=\"lazy\" decoding=\"async\" src=\"https:\/\/wordpress-mywind360.qa-bit.dev\/es\/wp-content\/uploads\/sites\/2\/2026\/04\/image-28-1.png\" alt=\"\"  srcset=\"https:\/\/wordpress-mywind360.qa-bit.dev\/es\/wp-content\/uploads\/sites\/2\/2026\/04\/image-28-1.png 315w, https:\/\/wordpress-mywind360.qa-bit.dev\/es\/wp-content\/uploads\/sites\/2\/2026\/04\/image-28-1-150x300.png 150w\" sizes=\"(max-width: 315px) 100vw, 315px\" width=\"315\" height=\"630\"  style=\"display: inline-block;\" \/><\/a><\/div><\/div><h2 data-section-id=\"184d0v4\" data-start=\"92\" data-end=\"171\">Cuotas deportivas: compara y encuentra mejores oportunidades<\/h2><div id=\"wordp-3632559207\" class=\"wordp-conent wordp-entity-placement\" style=\"margin-left: auto;margin-right: auto;text-align: center;\"><a href=\"https:\/\/www.bet365.es\/#\/HO\/\" aria-label=\"image 28 (1)\"><img loading=\"lazy\" decoding=\"async\" src=\"https:\/\/wordpress-mywind360.qa-bit.dev\/es\/wp-content\/uploads\/sites\/2\/2026\/04\/image-28-1.png\" alt=\"\"  srcset=\"https:\/\/wordpress-mywind360.qa-bit.dev\/es\/wp-content\/uploads\/sites\/2\/2026\/04\/image-28-1.png 315w, https:\/\/wordpress-mywind360.qa-bit.dev\/es\/wp-content\/uploads\/sites\/2\/2026\/04\/image-28-1-150x300.png 150w\" sizes=\"(max-width: 315px) 100vw, 315px\" width=\"315\" height=\"630\"  style=\"display: inline-block;\" \/><\/a><\/div>\n<p data-start=\"173\" data-end=\"483\">En MyWin360 puedes consultar cuotas deportivas hoy de los principales eventos y comparar r\u00e1pidamente lo que ofrecen distintas casas de apuestas online. Esta secci\u00f3n est\u00e1 pensada para ayudarte a entender mejor el mercado, detectar diferencias entre operadores y tomar decisiones m\u00e1s informadas antes de apostar.<\/p>\n<h2 data-section-id=\"177172p\" data-start=\"485\" data-end=\"531\">\u00bfQu\u00e9 son las cuotas en apuestas deportivas?<\/h2>\n<p data-start=\"533\" data-end=\"671\">Las cuotas son el valor que indica cu\u00e1nto puedes ganar por una apuesta en funci\u00f3n de la probabilidad que el mercado asigna a un resultado.<\/p>\n<p data-start=\"673\" data-end=\"912\">Cuanto m\u00e1s probable se considera un evento, m\u00e1s baja ser\u00e1 la cuota. Cuanto menos probable, m\u00e1s alta ser\u00e1. Por eso, las cuotas no solo muestran una posible ganancia, sino tambi\u00e9n c\u00f3mo interpreta el mercado cada partido, jugador o escenario.<\/p>\n<p data-start=\"914\" data-end=\"1046\">Entenderlas bien es importante porque una apuesta no depende solo de acertar, sino tambi\u00e9n de hacerlo a un precio que tenga sentido.<\/p>\n<h2 data-section-id=\"14dt42f\" data-start=\"1048\" data-end=\"1077\">C\u00f3mo analizamos las cuotas<\/h2>\n<p data-start=\"1079\" data-end=\"1270\">En MyWin360 no mostramos las cuotas como un dato aislado. Las leemos dentro del contexto del evento para entender qu\u00e9 reflejan realmente y si existe una oportunidad interesante en el mercado.<\/p>\n<p data-start=\"1272\" data-end=\"1553\">Revisamos c\u00f3mo se comportan antes del partido, c\u00f3mo evolucionan con el paso de las horas y qu\u00e9 diferencias puede haber entre operadores. Ese an\u00e1lisis nos permite detectar cu\u00e1ndo una cuota puede estar mejor posicionada y cu\u00e1ndo merece la pena prestar atenci\u00f3n a un mercado concreto.<\/p>\n<h2 data-section-id=\"1yftiym\" data-start=\"1555\" data-end=\"1595\">Por qu\u00e9 comparar cuotas es importante<\/h2>\n<p data-start=\"1597\" data-end=\"1834\">Una misma apuesta puede tener precios distintos seg\u00fan la casa de apuestas. Comparar cuotas te permite encontrar mejores condiciones, detectar diferencias entre operadores y optimizar cada decisi\u00f3n con una visi\u00f3n m\u00e1s completa del mercado.<\/p>\n<p data-start=\"1836\" data-end=\"1988\">Por eso, en MyWin360 reunimos esta informaci\u00f3n de forma clara y \u00fatil, para que puedas ver r\u00e1pidamente d\u00f3nde puede estar la mejor oportunidad disponible.<\/p>\n<h2 data-section-id=\"r5crn0\" data-start=\"1990\" data-end=\"2032\">Cuotas en directo y lectura del mercado<\/h2>\n<p data-start=\"2034\" data-end=\"2224\">Adem\u00e1s de las cuotas prepartido, tambi\u00e9n prestamos atenci\u00f3n a su evoluci\u00f3n en directo. Durante un evento, el contexto cambia constantemente y el mercado reacciona a cada momento del partido.<\/p>\n<p data-start=\"2226\" data-end=\"2422\">Ese movimiento puede abrir oportunidades que no exist\u00edan antes del inicio, especialmente para quienes entienden c\u00f3mo interpretar el desarrollo del juego y la reacci\u00f3n de las cuotas en tiempo real.<\/p>\n<h2 data-section-id=\"1ddla3s\" data-start=\"2424\" data-end=\"2472\">Cuotas y pron\u00f3sticos: una visi\u00f3n m\u00e1s completa<\/h2>\n<p data-start=\"2474\" data-end=\"2595\">Las cuotas por s\u00ed solas no cuentan toda la historia, igual que un pron\u00f3stico sin contexto de mercado se queda incompleto.<\/p>\n<p data-start=\"2597\" data-end=\"2789\">Por eso conectamos el an\u00e1lisis del evento con la lectura de cuotas, para que puedas entender no solo qu\u00e9 puede pasar, sino tambi\u00e9n si la apuesta tiene sentido en funci\u00f3n del precio disponible.<\/p>\n","protected":false},"excerpt":{"rendered":"<p>Cuotas deportivas: compara y encuentra mejores oportunidades En MyWin360 puedes consultar cuotas deportivas hoy de los principales eventos y comparar r\u00e1pidamente lo que ofrecen distintas casas de apuestas online. Esta secci\u00f3n est\u00e1 pensada para ayudarte a entender mejor el mercado, detectar diferencias entre operadores y tomar decisiones m\u00e1s informadas antes de apostar. \u00bfQu\u00e9 son las [&hellip;]<\/p>\n","protected":false},"author":1,"featured_media":0,"parent":0,"menu_order":0,"comment_status":"closed","ping_status":"closed","template":"archive-cuotas.php","meta":{"_acf_changed":false,"inline_featured_image":false,"footnotes":""},"class_list":["post-129","page","type-page","status-publish","hentry"],"acf":[],"yoast_head":"<!-- This site is optimized with the Yoast SEO plugin v27.3 - https:\/\/yoast.com\/product\/yoast-seo-wordpress\/ -->\n<title>Cuotas apuestas: comparador y mejores cuotas hoy<\/title>\n<meta name=\"description\" content=\"Consulta cuotas de apuestas hoy, compara entre casas de apuestas y encuentra las mejores opciones en cada evento deportivo.\" \/>\n<meta name=\"robots\" content=\"index, follow, max-snippet:-1, max-image-preview:large, max-video-preview:-1\" \/>\n<link rel=\"canonical\" href=\"https:\/\/wordpress-mywind360.qa-bit.dev\/es\/cuotas\/\" \/>\n<meta property=\"og:locale\" content=\"es_ES\" \/>\n<meta property=\"og:type\" content=\"article\" \/>\n<meta property=\"og:title\" content=\"Cuotas apuestas: comparador y mejores cuotas hoy\" \/>\n<meta property=\"og:description\" content=\"Consulta cuotas de apuestas hoy, compara entre casas de apuestas y encuentra las mejores opciones en cada evento deportivo.\" \/>\n<meta property=\"og:url\" content=\"https:\/\/wordpress-mywind360.qa-bit.dev\/es\/cuotas\/\" \/>\n<meta property=\"og:site_name\" content=\"MYWIN360 Espa\u00f1a\" \/>\n<meta property=\"article:modified_time\" content=\"2026-04-13T10:20:29+00:00\" \/>\n<meta name=\"twitter:card\" content=\"summary_large_image\" \/>\n<meta name=\"twitter:label1\" content=\"Tiempo de lectura\" \/>\n\t<meta name=\"twitter:data1\" content=\"2 minutos\" \/>\n<script type=\"application\/ld+json\" class=\"yoast-schema-graph\">{\"@context\":\"https:\\\/\\\/schema.org\",\"@graph\":[{\"@type\":\"WebPage\",\"@id\":\"https:\\\/\\\/wordpress-mywind360.qa-bit.dev\\\/es\\\/cuotas\\\/\",\"url\":\"https:\\\/\\\/wordpress-mywind360.qa-bit.dev\\\/es\\\/cuotas\\\/\",\"name\":\"Cuotas apuestas: comparador y mejores cuotas hoy\",\"isPartOf\":{\"@id\":\"https:\\\/\\\/wordpress-mywind360.qa-bit.dev\\\/es\\\/#website\"},\"datePublished\":\"2026-03-26T00:34:30+00:00\",\"dateModified\":\"2026-04-13T10:20:29+00:00\",\"description\":\"Consulta cuotas de apuestas hoy, compara entre casas de apuestas y encuentra las mejores opciones en cada evento deportivo.\",\"breadcrumb\":{\"@id\":\"https:\\\/\\\/wordpress-mywind360.qa-bit.dev\\\/es\\\/cuotas\\\/#breadcrumb\"},\"inLanguage\":\"es\",\"potentialAction\":[{\"@type\":\"ReadAction\",\"target\":[\"https:\\\/\\\/wordpress-mywind360.qa-bit.dev\\\/es\\\/cuotas\\\/\"]}]},{\"@type\":\"BreadcrumbList\",\"@id\":\"https:\\\/\\\/wordpress-mywind360.qa-bit.dev\\\/es\\\/cuotas\\\/#breadcrumb\",\"itemListElement\":[{\"@type\":\"ListItem\",\"position\":1,\"name\":\"Portada\",\"item\":\"https:\\\/\\\/wordpress-mywind360.qa-bit.dev\\\/es\\\/\"},{\"@type\":\"ListItem\",\"position\":2,\"name\":\"Cuotas\"}]},{\"@type\":\"WebSite\",\"@id\":\"https:\\\/\\\/wordpress-mywind360.qa-bit.dev\\\/es\\\/#website\",\"url\":\"https:\\\/\\\/wordpress-mywind360.qa-bit.dev\\\/es\\\/\",\"name\":\"MYWIN360 Espa\u00f1a\",\"description\":\"\",\"potentialAction\":[{\"@type\":\"SearchAction\",\"target\":{\"@type\":\"EntryPoint\",\"urlTemplate\":\"https:\\\/\\\/wordpress-mywind360.qa-bit.dev\\\/es\\\/?s={search_term_string}\"},\"query-input\":{\"@type\":\"PropertyValueSpecification\",\"valueRequired\":true,\"valueName\":\"search_term_string\"}}],\"inLanguage\":\"es\"}]}<\/script>\n<!-- \/ Yoast SEO plugin. -->","yoast_head_json":{"title":"Cuotas apuestas: comparador y mejores cuotas hoy","description":"Consulta cuotas de apuestas hoy, compara entre casas de apuestas y encuentra las mejores opciones en cada evento deportivo.","robots":{"index":"index","follow":"follow","max-snippet":"max-snippet:-1","max-image-preview":"max-image-preview:large","max-video-preview":"max-video-preview:-1"},"canonical":"https:\/\/wordpress-mywind360.qa-bit.dev\/es\/cuotas\/","og_locale":"es_ES","og_type":"article","og_title":"Cuotas apuestas: comparador y mejores cuotas hoy","og_description":"Consulta cuotas de apuestas hoy, compara entre casas de apuestas y encuentra las mejores opciones en cada evento deportivo.","og_url":"https:\/\/wordpress-mywind360.qa-bit.dev\/es\/cuotas\/","og_site_name":"MYWIN360 Espa\u00f1a","article_modified_time":"2026-04-13T10:20:29+00:00","twitter_card":"summary_large_image","twitter_misc":{"Tiempo de lectura":"2 minutos"},"schema":{"@context":"https:\/\/schema.org","@graph":[{"@type":"WebPage","@id":"https:\/\/wordpress-mywind360.qa-bit.dev\/es\/cuotas\/","url":"https:\/\/wordpress-mywind360.qa-bit.dev\/es\/cuotas\/","name":"Cuotas apuestas: comparador y mejores cuotas hoy","isPartOf":{"@id":"https:\/\/wordpress-mywind360.qa-bit.dev\/es\/#website"},"datePublished":"2026-03-26T00:34:30+00:00","dateModified":"2026-04-13T10:20:29+00:00","description":"Consulta cuotas de apuestas hoy, compara entre casas de apuestas y encuentra las mejores opciones en cada evento deportivo.","breadcrumb":{"@id":"https:\/\/wordpress-mywind360.qa-bit.dev\/es\/cuotas\/#breadcrumb"},"inLanguage":"es","potentialAction":[{"@type":"ReadAction","target":["https:\/\/wordpress-mywind360.qa-bit.dev\/es\/cuotas\/"]}]},{"@type":"BreadcrumbList","@id":"https:\/\/wordpress-mywind360.qa-bit.dev\/es\/cuotas\/#breadcrumb","itemListElement":[{"@type":"ListItem","position":1,"name":"Portada","item":"https:\/\/wordpress-mywind360.qa-bit.dev\/es\/"},{"@type":"ListItem","position":2,"name":"Cuotas"}]},{"@type":"WebSite","@id":"https:\/\/wordpress-mywind360.qa-bit.dev\/es\/#website","url":"https:\/\/wordpress-mywind360.qa-bit.dev\/es\/","name":"MYWIN360 Espa\u00f1a","description":"","potentialAction":[{"@type":"SearchAction","target":{"@type":"EntryPoint","urlTemplate":"https:\/\/wordpress-mywind360.qa-bit.dev\/es\/?s={search_term_string}"},"query-input":{"@type":"PropertyValueSpecification","valueRequired":true,"valueName":"search_term_string"}}],"inLanguage":"es"}]}},"_links":{"self":[{"href":"https:\/\/wordpress-mywind360.qa-bit.dev\/es\/wp-json\/wp\/v2\/pages\/129","targetHints":{"allow":["GET"]}}],"collection":[{"href":"https:\/\/wordpress-mywind360.qa-bit.dev\/es\/wp-json\/wp\/v2\/pages"}],"about":[{"href":"https:\/\/wordpress-mywind360.qa-bit.dev\/es\/wp-json\/wp\/v2\/types\/page"}],"author":[{"embeddable":true,"href":"https:\/\/wordpress-mywind360.qa-bit.dev\/es\/wp-json\/wp\/v2\/users\/1"}],"replies":[{"embeddable":true,"href":"https:\/\/wordpress-mywind360.qa-bit.dev\/es\/wp-json\/wp\/v2\/comments?post=129"}],"version-history":[{"count":4,"href":"https:\/\/wordpress-mywind360.qa-bit.dev\/es\/wp-json\/wp\/v2\/pages\/129\/revisions"}],"predecessor-version":[{"id":269,"href":"https:\/\/wordpress-mywind360.qa-bit.dev\/es\/wp-json\/wp\/v2\/pages\/129\/revisions\/269"}],"wp:attachment":[{"href":"https:\/\/wordpress-mywind360.qa-bit.dev\/es\/wp-json\/wp\/v2\/media?parent=129"}],"curies":[{"name":"wp","href":"https:\/\/api.w.org\/{rel}","templated":true}]}}